{"id":135473,"date":"2022-05-25T08:41:39","date_gmt":"2022-05-25T06:41:39","guid":{"rendered":"https:\/\/www.centralfilzmoos.at\/?page_id=135473"},"modified":"2022-05-25T08:41:40","modified_gmt":"2022-05-25T06:41:40","slug":"filzmoos-cards","status":"publish","type":"page","link":"https:\/\/www.centralfilzmoos.at\/en\/aktivitaeten\/filzmoos-cards\/","title":{"rendered":"Filzmoos Cards"},"content":{"rendered":"<div class=\"wpb-content-wrapper\"><p>[vc_row][vc_column][vc_column_text]<\/p>\n<h1>Filzmoos Cards<\/h1>\n<h2>Ihre Urlaubsvorteilskarten bei uns im Central Filzmoos<\/h2>\n<p>[\/vc_column_text][\/vc_column][\/vc_row][vc_row][vc_column][vc_column_text]Genie\u00dfen Sie Ihren Urlaub bei uns im <a href=\"https:\/\/www.centralfilzmoos.at\/\">Central Filzmoos<\/a> mit noch mehr Vorteilen und Aktivm\u00f6glichkeiten. Die <strong>Filzmoos Sommer Card Plus<\/strong> sowie die <strong>Filzmoos Winter Card<\/strong> erhalten Sie kostenlos bei Ihrer Ankunft. Damit nutzen Sie viele Freizeitangebote und -einrichtungen gratis. Die <strong>Filzmooser Almcard<\/strong> m\u00f6chten wir allen empfehlen, die gerne ihre Wanderungen mit einer Einkehr auf den bewirtschafteten H\u00fctten kombinieren: Es erwarten Sie 19 Schmankerln auf 19 H\u00fctten in der Region rund um Filzmoos. Die Filzmoos Almcard k\u00f6nnen Sie direkt zu Ihrem Aufenthalt bei uns dazubuchen.[\/vc_column_text][vc_single_image image=&#8221;1458&#8243; img_size=&#8221;full&#8221;][\/vc_column][\/vc_row][vc_row][vc_column][vc_row_inner content_placement=&#8221;middle&#8221;][vc_column_inner width=&#8221;1\/6&#8243;][vc_single_image image=&#8221;135383&#8243; img_size=&#8221;full&#8221; css=&#8221;.vc_custom_1648805256506{margin-bottom: 0px !important;}&#8221;][\/vc_column_inner][vc_column_inner width=&#8221;5\/6&#8243;][vc_column_text css=&#8221;.vc_custom_1648806280166{margin-bottom: 0px !important;}&#8221;]<\/p>\n<h3>F\u00fcr Ihren Aktivurlaub im Sommer:<br \/>\nFilzmoos Sommer Card Plus inklusive<\/h3>\n<p>[\/vc_column_text][\/vc_column_inner][\/vc_row_inner][vc_row_inner css=&#8221;.vc_custom_1653460001730{margin-bottom: 10px !important;}&#8221;][vc_column_inner width=&#8221;1\/2&#8243;][vc_column_text css=&#8221;.vc_custom_1653460007143{margin-bottom: 10px !important;}&#8221;]<\/p>\n<ul>\n<li>Freie Fahrt mit dem FIDIBUS Wanderbus<\/li>\n<li>Kostenlose Berg- &amp; Talfahrten mit den Bergbahnen Filzmoos<\/li>\n<li>Freie Fahrt mit dem &#8220;\u00c5lmi&#8221;<\/li>\n<li>Gratis Eintritt ins Schwimmbad (Tageskarte) im Freizeitpark Filzmoos<\/li>\n<li>Kostenloses Spiel am Adventure Minigolfplatz Alpenhof<\/li>\n<li>Freier Eintritt zum Bauernhofmuseum am Oberhof<\/li>\n<li>Gratis Teilnahme im B\u00e4rtl&#8217;s Kinderklub<\/li>\n<li>Kostenlose Teilnahme am B\u00e4rtl&#8217;s Familienprogramm<\/li>\n<\/ul>\n<p>[\/vc_column_text][\/vc_column_inner][vc_column_inner width=&#8221;1\/2&#8243;][vc_column_text css=&#8221;.vc_custom_1653460014298{margin-bottom: 10px !important;}&#8221;]<\/p>\n<ul>\n<li>Gratis Willkommenswanderung mit Filzmoos Aktiv<\/li>\n<li>Kostenlose Ortsf\u00fchrung mit Filzmoos Aktiv<\/li>\n<li>50% Erm\u00e4\u00dfigung auf Pferdekutschenfahrten<\/li>\n<li>30% Erm\u00e4\u00dfigung auf den E-Bike-Verleih<\/li>\n<li>30% Erm\u00e4\u00dfigung auf Ausflugsfahrten &amp; den Bahnhofsshuttle mit Taxi J\u00e4ger<\/li>\n<li>25% Erm\u00e4\u00dfigung auf Kr\u00e4uterworkshops<\/li>\n<li>20% Erm\u00e4\u00dfigung auf den Eintritt zum 3D-Bogenparcours<\/li>\n<li>20% Erm\u00e4\u00dfigung auf das Schnupperklettern mit Filzmoos Aktiv<\/li>\n<\/ul>\n<p>[\/vc_column_text][\/vc_column_inner][\/vc_row_inner][vc_column_text]<a class=\"btn\" href=\"https:\/\/www.filzmoos.at\/de\/services\/filzmoos-sommer-card.html\" target=\"_blank\" rel=\"noopener\">Weitere Informationen<\/a>[\/vc_column_text][\/vc_column][\/vc_row][vc_row][vc_column][vc_row_inner content_placement=&#8221;middle&#8221;][vc_column_inner width=&#8221;1\/6&#8243;][vc_single_image image=&#8221;135392&#8243; img_size=&#8221;full&#8221; css=&#8221;.vc_custom_1648805344527{margin-bottom: 0px !important;}&#8221;][\/vc_column_inner][vc_column_inner width=&#8221;5\/6&#8243;][vc_column_text css=&#8221;.vc_custom_1648806286354{margin-bottom: 0px !important;}&#8221;]<\/p>\n<h3>F\u00fcr Ihren vielf\u00e4ltigen Urlaub im Winter:<br \/>\nFilzmoos Winter Card inklusive<\/h3>\n<p>[\/vc_column_text][\/vc_column_inner][\/vc_row_inner][vc_row_inner css=&#8221;.vc_custom_1653460210805{margin-bottom: 10px !important;}&#8221;][vc_column_inner width=&#8221;1\/2&#8243;][vc_column_text css=&#8221;.vc_custom_1653460216937{margin-bottom: 10px !important;}&#8221;]<\/p>\n<ul>\n<li>Gratis Badespa\u00df im Freizeitpark Filzmoos<\/li>\n<li>Kostenloser Eintritt zur Eislauf-Arena Filzmoos<\/li>\n<li>Freies Rodeln auf der Kleinberg-Rodelbahn<\/li>\n<li>Kostenloses Eisstockschie\u00dfen<\/li>\n<\/ul>\n<p>[\/vc_column_text][\/vc_column_inner][vc_column_inner width=&#8221;1\/2&#8243;][vc_column_text css=&#8221;.vc_custom_1653460222168{margin-bottom: 10px !important;}&#8221;]<\/p>\n<ul>\n<li>Gratis Kegeln im Freizeitpark Filzmoos<\/li>\n<li>25% Erm\u00e4\u00dfigung auf das Nachtrodeln<\/li>\n<li>25% Erm\u00e4\u00dfigung auf das Saunaticket im Freizeitpark Filzmoos<\/li>\n<\/ul>\n<p>[\/vc_column_text][\/vc_column_inner][\/vc_row_inner][vc_column_text]<a class=\"btn\" href=\"https:\/\/www.filzmoos.at\/de\/aktivitaeten\/filzmoos-winter-card.html\" target=\"_blank\" rel=\"noopener\">Weitere Informationen<\/a>[\/vc_column_text][\/vc_column][\/vc_row][vc_row][vc_column][vc_single_image image=&#8221;135561&#8243; img_size=&#8221;full&#8221;][vc_row_inner content_placement=&#8221;middle&#8221;][vc_column_inner width=&#8221;1\/6&#8243;][vc_single_image image=&#8221;128883&#8243; img_size=&#8221;full&#8221; css=&#8221;.vc_custom_1648805662353{margin-bottom: 0px !important;}&#8221;][\/vc_column_inner][vc_column_inner width=&#8221;5\/6&#8243;][vc_column_text css=&#8221;.vc_custom_1648806292047{margin-bottom: 0px !important;}&#8221;]<\/p>\n<h3>Wandern &amp; regionale Schmankerln:<br \/>\nFilzmooser Almcard zubuchbar<\/h3>\n<p>[\/vc_column_text][\/vc_column_inner][\/vc_row_inner][vc_row_inner css=&#8221;.vc_custom_1653460264862{margin-bottom: 10px !important;}&#8221;][vc_column_inner][vc_column_text css=&#8221;.vc_custom_1653460259936{margin-bottom: 10px !important;}&#8221;]<\/p>\n<ul>\n<li>Buchen Sie Ihren Aufenthalt mit der Filzmooser Almcard und Sie erhalten das Gutscheinheft mit den Wertmarken bei Ihrer Ankunft im Central Filzmoos.<\/li>\n<li>Jede Marke ist f\u00fcr ein typisches Pongauer Traditionsgericht auf den 19 Mitgliedsh\u00fctten g\u00fcltig.<\/li>\n<li>Jede H\u00fctte hat ihr spezielles Gericht, das Sie kostenlos bei Abgabe der Wertmarke erhalten, z.B. Fleischkrapfen, Knoblauchk\u00e4se, Jagabrot mit Hirsch-Selchfleisch,&#8230;<\/li>\n<li>Pro Tag und Gast ist nur 1 Gutschein g\u00fcltig.<\/li>\n<\/ul>\n<p>[\/vc_column_text][\/vc_column_inner][\/vc_row_inner][vc_column_text]<a class=\"btn\" href=\"https:\/\/www.almcard.at\/\" target=\"_blank\" rel=\"noopener\">Weitere Informationen<\/a>[\/vc_column_text][\/vc_column][\/vc_row]<\/p>\n<\/div>","protected":false},"excerpt":{"rendered":"<p>[vc_row][vc_column][vc_column_text] Filzmoos Cards Ihre Urlaubsvorteilskarten bei uns im Central Filzmoos [\/vc_column_text][\/vc_column][\/vc_row][vc_row][vc_column][vc_column_text]Genie\u00dfen Sie Ihren Urlaub bei uns im Central Filzmoos mit noch mehr Vorteilen und Aktivm\u00f6glichkeiten. Die Filzmoos Sommer Card Plus sowie die Filzmoos Winter Card erhalten Sie kostenlos bei Ihrer<span class=\"ellipsis\">&hellip;<\/span> <a href=\"https:\/\/www.centralfilzmoos.at\/en\/aktivitaeten\/filzmoos-cards\/\"><\/p>\n<div class=\"read-more\">Read more &#8250;<\/div>\n<p><\/a><\/p>\n","protected":false},"author":4,"featured_media":135493,"parent":950,"menu_order":0,"comment_status":"closed","ping_status":"closed","template":"","meta":{"_acf_changed":false,"rs_blank_template":"","rs_page_bg_color":"","slide_template_v7":"","footnotes":""},"class_list":["post-135473","page","type-page","status-publish","has-post-thumbnail","hentry"],"acf":[],"yoast_head":"<!-- This site is optimized with the Yoast SEO plugin v27.5 - https:\/\/yoast.com\/product\/yoast-seo-wordpress\/ -->\n<title>Freizeitpark Filzmoos - Central Filzmoos im Salzburger Land<\/title>\n<meta name=\"description\" content=\"Als besonderes Special bekommen G\u00e4ste vom Central Filzmoos kostenlosen Eintritt in den Freizeitpark Filzmoos. Hallenbad, Sauna, Kegelbahn, Bistro und Kinderclub\" \/>\n<meta name=\"robots\" content=\"index, follow, max-snippet:-1, max-image-preview:large, max-video-preview:-1\" \/>\n<link rel=\"canonical\" href=\"https:\/\/www.centralfilzmoos.at\/en\/aktivitaeten\/filzmoos-cards\/\" \/>\n<meta property=\"og:locale\" content=\"en_US\" \/>\n<meta property=\"og:type\" content=\"article\" \/>\n<meta property=\"og:title\" content=\"Freizeitpark Filzmoos - Central Filzmoos im Salzburger Land\" \/>\n<meta property=\"og:description\" content=\"Als besonderes Special bekommen G\u00e4ste vom Central Filzmoos kostenlosen Eintritt in den Freizeitpark Filzmoos. Hallenbad, Sauna, Kegelbahn, Bistro und Kinderclub\" \/>\n<meta property=\"og:url\" content=\"https:\/\/www.centralfilzmoos.at\/en\/aktivitaeten\/filzmoos-cards\/\" \/>\n<meta property=\"og:site_name\" content=\"Central Filzmoos\" \/>\n<meta property=\"article:modified_time\" content=\"2022-05-25T06:41:40+00:00\" \/>\n<meta property=\"og:image\" content=\"https:\/\/www.centralfilzmoos.at\/wp-content\/uploads\/wanderurlaub-filzmoos-salzburg-1-3.jpg\" \/>\n\t<meta property=\"og:image:width\" content=\"2000\" \/>\n\t<meta property=\"og:image:height\" content=\"1250\" \/>\n\t<meta property=\"og:image:type\" content=\"image\/jpeg\" \/>\n<meta name=\"twitter:label1\" content=\"Est. reading time\" \/>\n\t<meta name=\"twitter:data1\" content=\"3 minutes\" \/>\n<script type=\"application\/ld+json\" class=\"yoast-schema-graph\">{\"@context\":\"https:\\\/\\\/schema.org\",\"@graph\":[{\"@type\":\"WebPage\",\"@id\":\"https:\\\/\\\/www.centralfilzmoos.at\\\/en\\\/aktivitaeten\\\/filzmoos-cards\\\/\",\"url\":\"https:\\\/\\\/www.centralfilzmoos.at\\\/en\\\/aktivitaeten\\\/filzmoos-cards\\\/\",\"name\":\"Freizeitpark Filzmoos - Central Filzmoos im Salzburger Land\",\"isPartOf\":{\"@id\":\"https:\\\/\\\/www.centralfilzmoos.at\\\/#website\"},\"primaryImageOfPage\":{\"@id\":\"https:\\\/\\\/www.centralfilzmoos.at\\\/en\\\/aktivitaeten\\\/filzmoos-cards\\\/#primaryimage\"},\"image\":{\"@id\":\"https:\\\/\\\/www.centralfilzmoos.at\\\/en\\\/aktivitaeten\\\/filzmoos-cards\\\/#primaryimage\"},\"thumbnailUrl\":\"https:\\\/\\\/www.centralfilzmoos.at\\\/wp-content\\\/uploads\\\/wanderurlaub-filzmoos-salzburg-1-3.jpg\",\"datePublished\":\"2022-05-25T06:41:39+00:00\",\"dateModified\":\"2022-05-25T06:41:40+00:00\",\"description\":\"Als besonderes Special bekommen G\u00e4ste vom Central Filzmoos kostenlosen Eintritt in den Freizeitpark Filzmoos. Hallenbad, Sauna, Kegelbahn, Bistro und Kinderclub\",\"breadcrumb\":{\"@id\":\"https:\\\/\\\/www.centralfilzmoos.at\\\/en\\\/aktivitaeten\\\/filzmoos-cards\\\/#breadcrumb\"},\"inLanguage\":\"en-US\",\"potentialAction\":[{\"@type\":\"ReadAction\",\"target\":[\"https:\\\/\\\/www.centralfilzmoos.at\\\/en\\\/aktivitaeten\\\/filzmoos-cards\\\/\"]}]},{\"@type\":\"ImageObject\",\"inLanguage\":\"en-US\",\"@id\":\"https:\\\/\\\/www.centralfilzmoos.at\\\/en\\\/aktivitaeten\\\/filzmoos-cards\\\/#primaryimage\",\"url\":\"https:\\\/\\\/www.centralfilzmoos.at\\\/wp-content\\\/uploads\\\/wanderurlaub-filzmoos-salzburg-1-3.jpg\",\"contentUrl\":\"https:\\\/\\\/www.centralfilzmoos.at\\\/wp-content\\\/uploads\\\/wanderurlaub-filzmoos-salzburg-1-3.jpg\",\"width\":2000,\"height\":1250},{\"@type\":\"BreadcrumbList\",\"@id\":\"https:\\\/\\\/www.centralfilzmoos.at\\\/en\\\/aktivitaeten\\\/filzmoos-cards\\\/#breadcrumb\",\"itemListElement\":[{\"@type\":\"ListItem\",\"position\":1,\"name\":\"Home\",\"item\":\"https:\\\/\\\/www.centralfilzmoos.at\\\/en\\\/\"},{\"@type\":\"ListItem\",\"position\":2,\"name\":\"Activities\",\"item\":\"https:\\\/\\\/www.centralfilzmoos.at\\\/en\\\/aktivitaeten\\\/\"},{\"@type\":\"ListItem\",\"position\":3,\"name\":\"Filzmoos Cards\"}]},{\"@type\":\"WebSite\",\"@id\":\"https:\\\/\\\/www.centralfilzmoos.at\\\/#website\",\"url\":\"https:\\\/\\\/www.centralfilzmoos.at\\\/\",\"name\":\"Central Filzmoos\",\"description\":\"Eine weitere WordPress-Seite\",\"potentialAction\":[{\"@type\":\"SearchAction\",\"target\":{\"@type\":\"EntryPoint\",\"urlTemplate\":\"https:\\\/\\\/www.centralfilzmoos.at\\\/?s={search_term_string}\"},\"query-input\":{\"@type\":\"PropertyValueSpecification\",\"valueRequired\":true,\"valueName\":\"search_term_string\"}}],\"inLanguage\":\"en-US\"}]}<\/script>\n<!-- \/ Yoast SEO plugin. -->","yoast_head_json":{"title":"Freizeitpark Filzmoos - Central Filzmoos im Salzburger Land","description":"Als besonderes Special bekommen G\u00e4ste vom Central Filzmoos kostenlosen Eintritt in den Freizeitpark Filzmoos. Hallenbad, Sauna, Kegelbahn, Bistro und Kinderclub","robots":{"index":"index","follow":"follow","max-snippet":"max-snippet:-1","max-image-preview":"max-image-preview:large","max-video-preview":"max-video-preview:-1"},"canonical":"https:\/\/www.centralfilzmoos.at\/en\/aktivitaeten\/filzmoos-cards\/","og_locale":"en_US","og_type":"article","og_title":"Freizeitpark Filzmoos - Central Filzmoos im Salzburger Land","og_description":"Als besonderes Special bekommen G\u00e4ste vom Central Filzmoos kostenlosen Eintritt in den Freizeitpark Filzmoos. Hallenbad, Sauna, Kegelbahn, Bistro und Kinderclub","og_url":"https:\/\/www.centralfilzmoos.at\/en\/aktivitaeten\/filzmoos-cards\/","og_site_name":"Central Filzmoos","article_modified_time":"2022-05-25T06:41:40+00:00","og_image":[{"width":2000,"height":1250,"url":"https:\/\/www.centralfilzmoos.at\/wp-content\/uploads\/wanderurlaub-filzmoos-salzburg-1-3.jpg","type":"image\/jpeg"}],"twitter_misc":{"Est. reading time":"3 minutes"},"schema":{"@context":"https:\/\/schema.org","@graph":[{"@type":"WebPage","@id":"https:\/\/www.centralfilzmoos.at\/en\/aktivitaeten\/filzmoos-cards\/","url":"https:\/\/www.centralfilzmoos.at\/en\/aktivitaeten\/filzmoos-cards\/","name":"Freizeitpark Filzmoos - Central Filzmoos im Salzburger Land","isPartOf":{"@id":"https:\/\/www.centralfilzmoos.at\/#website"},"primaryImageOfPage":{"@id":"https:\/\/www.centralfilzmoos.at\/en\/aktivitaeten\/filzmoos-cards\/#primaryimage"},"image":{"@id":"https:\/\/www.centralfilzmoos.at\/en\/aktivitaeten\/filzmoos-cards\/#primaryimage"},"thumbnailUrl":"https:\/\/www.centralfilzmoos.at\/wp-content\/uploads\/wanderurlaub-filzmoos-salzburg-1-3.jpg","datePublished":"2022-05-25T06:41:39+00:00","dateModified":"2022-05-25T06:41:40+00:00","description":"Als besonderes Special bekommen G\u00e4ste vom Central Filzmoos kostenlosen Eintritt in den Freizeitpark Filzmoos. Hallenbad, Sauna, Kegelbahn, Bistro und Kinderclub","breadcrumb":{"@id":"https:\/\/www.centralfilzmoos.at\/en\/aktivitaeten\/filzmoos-cards\/#breadcrumb"},"inLanguage":"en-US","potentialAction":[{"@type":"ReadAction","target":["https:\/\/www.centralfilzmoos.at\/en\/aktivitaeten\/filzmoos-cards\/"]}]},{"@type":"ImageObject","inLanguage":"en-US","@id":"https:\/\/www.centralfilzmoos.at\/en\/aktivitaeten\/filzmoos-cards\/#primaryimage","url":"https:\/\/www.centralfilzmoos.at\/wp-content\/uploads\/wanderurlaub-filzmoos-salzburg-1-3.jpg","contentUrl":"https:\/\/www.centralfilzmoos.at\/wp-content\/uploads\/wanderurlaub-filzmoos-salzburg-1-3.jpg","width":2000,"height":1250},{"@type":"BreadcrumbList","@id":"https:\/\/www.centralfilzmoos.at\/en\/aktivitaeten\/filzmoos-cards\/#breadcrumb","itemListElement":[{"@type":"ListItem","position":1,"name":"Home","item":"https:\/\/www.centralfilzmoos.at\/en\/"},{"@type":"ListItem","position":2,"name":"Activities","item":"https:\/\/www.centralfilzmoos.at\/en\/aktivitaeten\/"},{"@type":"ListItem","position":3,"name":"Filzmoos Cards"}]},{"@type":"WebSite","@id":"https:\/\/www.centralfilzmoos.at\/#website","url":"https:\/\/www.centralfilzmoos.at\/","name":"Central Filzmoos","description":"Eine weitere WordPress-Seite","potentialAction":[{"@type":"SearchAction","target":{"@type":"EntryPoint","urlTemplate":"https:\/\/www.centralfilzmoos.at\/?s={search_term_string}"},"query-input":{"@type":"PropertyValueSpecification","valueRequired":true,"valueName":"search_term_string"}}],"inLanguage":"en-US"}]}},"_links":{"self":[{"href":"https:\/\/www.centralfilzmoos.at\/en\/wp-json\/wp\/v2\/pages\/135473","targetHints":{"allow":["GET"]}}],"collection":[{"href":"https:\/\/www.centralfilzmoos.at\/en\/wp-json\/wp\/v2\/pages"}],"about":[{"href":"https:\/\/www.centralfilzmoos.at\/en\/wp-json\/wp\/v2\/types\/page"}],"author":[{"embeddable":true,"href":"https:\/\/www.centralfilzmoos.at\/en\/wp-json\/wp\/v2\/users\/4"}],"replies":[{"embeddable":true,"href":"https:\/\/www.centralfilzmoos.at\/en\/wp-json\/wp\/v2\/comments?post=135473"}],"version-history":[{"count":3,"href":"https:\/\/www.centralfilzmoos.at\/en\/wp-json\/wp\/v2\/pages\/135473\/revisions"}],"predecessor-version":[{"id":135586,"href":"https:\/\/www.centralfilzmoos.at\/en\/wp-json\/wp\/v2\/pages\/135473\/revisions\/135586"}],"up":[{"embeddable":true,"href":"https:\/\/www.centralfilzmoos.at\/en\/wp-json\/wp\/v2\/pages\/950"}],"wp:featuredmedia":[{"embeddable":true,"href":"https:\/\/www.centralfilzmoos.at\/en\/wp-json\/wp\/v2\/media\/135493"}],"wp:attachment":[{"href":"https:\/\/www.centralfilzmoos.at\/en\/wp-json\/wp\/v2\/media?parent=135473"}],"curies":[{"name":"wp","href":"https:\/\/api.w.org\/{rel}","templated":true}]}}