{"id":953,"date":"2013-08-28T10:24:28","date_gmt":"2013-08-28T08:24:28","guid":{"rendered":"http:\/\/centralfilzmoos.at.w013ebd6.kasserver.com\/aktivitaeten\/freizeitpark-filzmoos\/"},"modified":"2022-03-29T11:29:09","modified_gmt":"2022-03-29T09:29:09","slug":"freizeitpark-filzmoos","status":"publish","type":"page","link":"https:\/\/www.centralfilzmoos.at\/en\/aktivitaeten\/freizeitpark-filzmoos\/","title":{"rendered":"Freizeitpark Filzmoos"},"content":{"rendered":"<div class=\"wpb-content-wrapper\"><p>[vc_row][vc_column width=&#8221;1\/1&#8243;][vc_column_text]<\/p>\n<h1>Freizeitpark Filzmoos<\/h1>\n<p>[\/vc_column_text][\/vc_column][\/vc_row][vc_row][vc_column width=&#8221;1\/1&#8243;][vc_column_text]<\/p>\n<h4>Gratis Eintritt in den Freizeitpark Filzmoos f\u00fcr unsere G\u00e4ste<\/h4>\n<p>[\/vc_column_text][vc_column_text]<\/p>\n<p>Nur einen Katzensprung entfernt liegt der <a href=\"http:\/\/www.erlebnispark.net\/\" target=\"_blank\" rel=\"noopener\">Freizeitpark Filzmoos<\/a>, den Sie als unser Gast kostenlos\u00a0nutzen k\u00f6nnen. Im Sommer finden Sie erfischende Abk\u00fchlung im herrlich k\u00fchlen Nass und Entspannung pur auf der Liegewiese. Mit Freunden und Familie trifft man sich, um spannende Kegelpartien auszutragen. Die Saunen laden ein, besonders im Winter beim hei\u00dfen Aufguss gesund ins Schwitzen zu kommen und in den Ruher\u00e4umen tauchen Sie ein in einen sanften Schlaf. F\u00fcr die kleine St\u00e4rkung zwischendurch hat das Bistro des Freizeitzentrums f\u00fcr Sie ge\u00f6ffnet.<\/p>\n<p>[\/vc_column_text][vc_single_image image=&#8221;1458&#8243; img_link_target=&#8221;_self&#8221; img_size=&#8221;full&#8221;][\/vc_column][\/vc_row][vc_row][vc_column width=&#8221;1\/1&#8243;][vc_column_text]<\/p>\n<h4>Frei- und Hallenbad, Sauna, Kegelbahn, Bistro und Kinderclub<\/h4>\n<p>[\/vc_column_text][\/vc_column][\/vc_row][vc_row][vc_column width=&#8221;1\/2&#8243;][vc_column_text]<\/p>\n<ul>\n<li>Hallenbad (30 \u00b0C) und Kinderbecken<\/li>\n<li>Beheiztes Au\u00dfenschwimmbecken, Schwimmkanal<\/li>\n<li>Gem\u00fctliche Liegewiese<\/li>\n<li>Finnische Saunen 90 \u00b0C<\/li>\n<li>Biologische Sauna mit Farbwechsel 60 \u00b0C<\/li>\n<li>Dampfbad 40 \u00b0C<\/li>\n<li>Infrarot-W\u00e4rmekabine<\/li>\n<li>3 Ruher\u00e4ume zum Entspannen<\/li>\n<\/ul>\n<p>[\/vc_column_text][\/vc_column][vc_column width=&#8221;1\/2&#8243;][vc_column_text]<\/p>\n<ul>\n<li>Klassische Massagen und Heilmassagen wie Tuina (Chinesische Massage), Fu\u00dfreflexzonenmassage, Bindegewebemassage, Dorn-Methode oder Breuss-Massage u.v.m.<\/li>\n<li>2 Kegelbahnen<\/li>\n<li>Bistro und Internetcaf\u00e9 &#8220;plitsch platsch&#8221;<\/li>\n<li>Funcourt und Spielplatz<\/li>\n<li>B\u00e4rtl&#8217;s Kinderclub f\u00fcr unsere kleinen G\u00e4ste<\/li>\n<\/ul>\n<p>[\/vc_column_text][\/vc_column][\/vc_row][vc_row][vc_column width=&#8221;1\/1&#8243;][vc_column_text]<\/p>\n\n\t\t<style type=\"text\/css\">\n\t\t\t#gallery-1 {\n\t\t\t\tmargin: auto;\n\t\t\t}\n\t\t\t#gallery-1 .gallery-item {\n\t\t\t\tfloat: left;\n\t\t\t\tmargin-top: 10px;\n\t\t\t\ttext-align: center;\n\t\t\t\twidth: 16%;\n\t\t\t}\n\t\t\t#gallery-1 img {\n\t\t\t\tborder: 2px solid #cfcfcf;\n\t\t\t}\n\t\t\t#gallery-1 .gallery-caption {\n\t\t\t\tmargin-left: 0;\n\t\t\t}\n\t\t\t\/* see gallery_shortcode() in wp-includes\/media.php *\/\n\t\t<\/style>\n\t\t<div id='gallery-1' class='gallery galleryid-953 gallery-columns-6 gallery-size-thumbnail'><dl class='gallery-item'>\n\t\t\t<dt class='gallery-icon landscape'>\n\t\t\t\t<a href='https:\/\/www.centralfilzmoos.at\/wp-content\/uploads\/ALG0169.jpg'><img decoding=\"async\" width=\"175\" height=\"175\" src=\"https:\/\/www.centralfilzmoos.at\/wp-content\/uploads\/ALG0169-175x175.jpg\" class=\"attachment-thumbnail size-thumbnail\" alt=\"\" \/><\/a>\n\t\t\t<\/dt><\/dl><dl class='gallery-item'>\n\t\t\t<dt class='gallery-icon landscape'>\n\t\t\t\t<a href='https:\/\/www.centralfilzmoos.at\/wp-content\/uploads\/ALG0177.jpg'><img decoding=\"async\" width=\"175\" height=\"175\" src=\"https:\/\/www.centralfilzmoos.at\/wp-content\/uploads\/ALG0177-175x175.jpg\" class=\"attachment-thumbnail size-thumbnail\" alt=\"\" \/><\/a>\n\t\t\t<\/dt><\/dl><dl class='gallery-item'>\n\t\t\t<dt class='gallery-icon landscape'>\n\t\t\t\t<a href='https:\/\/www.centralfilzmoos.at\/wp-content\/uploads\/ALG0297.jpg'><img decoding=\"async\" width=\"175\" height=\"175\" src=\"https:\/\/www.centralfilzmoos.at\/wp-content\/uploads\/ALG0297-175x175.jpg\" class=\"attachment-thumbnail size-thumbnail\" alt=\"\" \/><\/a>\n\t\t\t<\/dt><\/dl><dl class='gallery-item'>\n\t\t\t<dt class='gallery-icon landscape'>\n\t\t\t\t<a href='https:\/\/www.centralfilzmoos.at\/wp-content\/uploads\/ALG0300.jpg'><img decoding=\"async\" width=\"175\" height=\"175\" src=\"https:\/\/www.centralfilzmoos.at\/wp-content\/uploads\/ALG0300-175x175.jpg\" class=\"attachment-thumbnail size-thumbnail\" alt=\"\" \/><\/a>\n\t\t\t<\/dt><\/dl>\n\t\t\t<br style='clear: both' \/>\n\t\t<\/div>\n\n<p>[\/vc_column_text][\/vc_column][\/vc_row][vc_row][vc_column width=&#8221;1\/3&#8243; el_class=&#8221;button3&#8243;][vc_column_text]<\/p>\n<p><a class=\"btn btn-block\" title=\"Ausflugsziele\" href=\"https:\/\/www.centralfilzmoos.at\/aktivitaeten\/ausflugsziele\/\">Ausflugsziele<\/a><\/p>\n<p>[\/vc_column_text][\/vc_column][vc_column width=&#8221;1\/3&#8243; el_class=&#8221;button3&#8243;][vc_column_text]<\/p>\n<p><a class=\"btn btn-block\" title=\"Veranstaltungskalender\" href=\"https:\/\/www.centralfilzmoos.at\/aktivitaeten\/veranstaltungskalender\/\">Veranstaltungen<\/a><\/p>\n<p>[\/vc_column_text][\/vc_column][vc_column width=&#8221;1\/3&#8243; el_class=&#8221;button3&#8243;][vc_column_text] <a class=\"btn btn-block\" title=\"Anfrageformular\" href=\"https:\/\/www.centralfilzmoos.at\/buchungsanfragen\/anfrageformular\/\">Unverbindlich anfragen<\/a> [\/vc_column_text][\/vc_column][\/vc_row]<\/p>\n<\/div>","protected":false},"excerpt":{"rendered":"<p>[vc_row][vc_column width=&#8221;1\/1&#8243;][vc_column_text] Freizeitpark Filzmoos [\/vc_column_text][\/vc_column][\/vc_row][vc_row][vc_column width=&#8221;1\/1&#8243;][vc_column_text] Gratis Eintritt in den Freizeitpark Filzmoos f\u00fcr unsere G\u00e4ste [\/vc_column_text][vc_column_text] Nur einen Katzensprung entfernt liegt der Freizeitpark Filzmoos, den Sie als unser Gast kostenlos\u00a0nutzen k\u00f6nnen. Im Sommer finden Sie erfischende Abk\u00fchlung im herrlich k\u00fchlen<span class=\"ellipsis\">&hellip;<\/span> <a href=\"https:\/\/www.centralfilzmoos.at\/en\/aktivitaeten\/freizeitpark-filzmoos\/\"><\/p>\n<div class=\"read-more\">Read more &#8250;<\/div>\n<p><\/a><\/p>\n","protected":false},"author":4,"featured_media":135448,"parent":950,"menu_order":0,"comment_status":"closed","ping_status":"closed","template":"","meta":{"_acf_changed":false,"rs_blank_template":"","rs_page_bg_color":"","slide_template_v7":"","footnotes":""},"class_list":["post-953","page","type-page","status-publish","has-post-thumbnail","hentry"],"acf":[],"yoast_head":"<!-- This site is optimized with the Yoast SEO plugin v27.5 - https:\/\/yoast.com\/product\/yoast-seo-wordpress\/ -->\n<title>Freizeitpark Filzmoos - Central Filzmoos im Salzburger Land<\/title>\n<meta name=\"description\" content=\"Als besonderes Special bekommen G\u00e4ste vom Central Filzmoos kostenlosen Eintritt in den Freizeitpark Filzmoos. Hallenbad, Sauna, Kegelbahn, Bistro und Kinderclub\" \/>\n<meta name=\"robots\" content=\"index, follow, max-snippet:-1, max-image-preview:large, max-video-preview:-1\" \/>\n<link rel=\"canonical\" href=\"https:\/\/www.centralfilzmoos.at\/en\/aktivitaeten\/freizeitpark-filzmoos\/\" \/>\n<meta property=\"og:locale\" content=\"en_US\" \/>\n<meta property=\"og:type\" content=\"article\" \/>\n<meta property=\"og:title\" content=\"Freizeitpark Filzmoos - Central Filzmoos im Salzburger Land\" \/>\n<meta property=\"og:description\" content=\"Als besonderes Special bekommen G\u00e4ste vom Central Filzmoos kostenlosen Eintritt in den Freizeitpark Filzmoos. Hallenbad, Sauna, Kegelbahn, Bistro und Kinderclub\" \/>\n<meta property=\"og:url\" content=\"https:\/\/www.centralfilzmoos.at\/en\/aktivitaeten\/freizeitpark-filzmoos\/\" \/>\n<meta property=\"og:site_name\" content=\"Central Filzmoos\" \/>\n<meta property=\"article:modified_time\" content=\"2022-03-29T09:29:09+00:00\" \/>\n<meta property=\"og:image\" content=\"https:\/\/www.centralfilzmoos.at\/wp-content\/uploads\/wanderurlaub-filzmoos-salzburg-1.jpg\" \/>\n\t<meta property=\"og:image:width\" content=\"2000\" \/>\n\t<meta property=\"og:image:height\" content=\"1250\" \/>\n\t<meta property=\"og:image:type\" content=\"image\/jpeg\" \/>\n<meta name=\"twitter:label1\" content=\"Est. reading time\" \/>\n\t<meta name=\"twitter:data1\" content=\"2 minutes\" \/>\n<script type=\"application\/ld+json\" class=\"yoast-schema-graph\">{\"@context\":\"https:\\\/\\\/schema.org\",\"@graph\":[{\"@type\":\"WebPage\",\"@id\":\"https:\\\/\\\/www.centralfilzmoos.at\\\/en\\\/aktivitaeten\\\/freizeitpark-filzmoos\\\/\",\"url\":\"https:\\\/\\\/www.centralfilzmoos.at\\\/en\\\/aktivitaeten\\\/freizeitpark-filzmoos\\\/\",\"name\":\"Freizeitpark Filzmoos - Central Filzmoos im Salzburger Land\",\"isPartOf\":{\"@id\":\"https:\\\/\\\/www.centralfilzmoos.at\\\/#website\"},\"primaryImageOfPage\":{\"@id\":\"https:\\\/\\\/www.centralfilzmoos.at\\\/en\\\/aktivitaeten\\\/freizeitpark-filzmoos\\\/#primaryimage\"},\"image\":{\"@id\":\"https:\\\/\\\/www.centralfilzmoos.at\\\/en\\\/aktivitaeten\\\/freizeitpark-filzmoos\\\/#primaryimage\"},\"thumbnailUrl\":\"https:\\\/\\\/www.centralfilzmoos.at\\\/wp-content\\\/uploads\\\/wanderurlaub-filzmoos-salzburg-1.jpg\",\"datePublished\":\"2013-08-28T08:24:28+00:00\",\"dateModified\":\"2022-03-29T09:29:09+00:00\",\"description\":\"Als besonderes Special bekommen G\u00e4ste vom Central Filzmoos kostenlosen Eintritt in den Freizeitpark Filzmoos. Hallenbad, Sauna, Kegelbahn, Bistro und Kinderclub\",\"breadcrumb\":{\"@id\":\"https:\\\/\\\/www.centralfilzmoos.at\\\/en\\\/aktivitaeten\\\/freizeitpark-filzmoos\\\/#breadcrumb\"},\"inLanguage\":\"en-US\",\"potentialAction\":[{\"@type\":\"ReadAction\",\"target\":[\"https:\\\/\\\/www.centralfilzmoos.at\\\/en\\\/aktivitaeten\\\/freizeitpark-filzmoos\\\/\"]}]},{\"@type\":\"ImageObject\",\"inLanguage\":\"en-US\",\"@id\":\"https:\\\/\\\/www.centralfilzmoos.at\\\/en\\\/aktivitaeten\\\/freizeitpark-filzmoos\\\/#primaryimage\",\"url\":\"https:\\\/\\\/www.centralfilzmoos.at\\\/wp-content\\\/uploads\\\/wanderurlaub-filzmoos-salzburg-1.jpg\",\"contentUrl\":\"https:\\\/\\\/www.centralfilzmoos.at\\\/wp-content\\\/uploads\\\/wanderurlaub-filzmoos-salzburg-1.jpg\",\"width\":2000,\"height\":1250,\"caption\":\"Sommerurlaub in Filzmoos\"},{\"@type\":\"BreadcrumbList\",\"@id\":\"https:\\\/\\\/www.centralfilzmoos.at\\\/en\\\/aktivitaeten\\\/freizeitpark-filzmoos\\\/#breadcrumb\",\"itemListElement\":[{\"@type\":\"ListItem\",\"position\":1,\"name\":\"Home\",\"item\":\"https:\\\/\\\/www.centralfilzmoos.at\\\/en\\\/\"},{\"@type\":\"ListItem\",\"position\":2,\"name\":\"Activities\",\"item\":\"https:\\\/\\\/www.centralfilzmoos.at\\\/en\\\/aktivitaeten\\\/\"},{\"@type\":\"ListItem\",\"position\":3,\"name\":\"Freizeitpark Filzmoos\"}]},{\"@type\":\"WebSite\",\"@id\":\"https:\\\/\\\/www.centralfilzmoos.at\\\/#website\",\"url\":\"https:\\\/\\\/www.centralfilzmoos.at\\\/\",\"name\":\"Central Filzmoos\",\"description\":\"Eine weitere WordPress-Seite\",\"potentialAction\":[{\"@type\":\"SearchAction\",\"target\":{\"@type\":\"EntryPoint\",\"urlTemplate\":\"https:\\\/\\\/www.centralfilzmoos.at\\\/?s={search_term_string}\"},\"query-input\":{\"@type\":\"PropertyValueSpecification\",\"valueRequired\":true,\"valueName\":\"search_term_string\"}}],\"inLanguage\":\"en-US\"}]}<\/script>\n<!-- \/ Yoast SEO plugin. -->","yoast_head_json":{"title":"Freizeitpark Filzmoos - Central Filzmoos im Salzburger Land","description":"Als besonderes Special bekommen G\u00e4ste vom Central Filzmoos kostenlosen Eintritt in den Freizeitpark Filzmoos. Hallenbad, Sauna, Kegelbahn, Bistro und Kinderclub","robots":{"index":"index","follow":"follow","max-snippet":"max-snippet:-1","max-image-preview":"max-image-preview:large","max-video-preview":"max-video-preview:-1"},"canonical":"https:\/\/www.centralfilzmoos.at\/en\/aktivitaeten\/freizeitpark-filzmoos\/","og_locale":"en_US","og_type":"article","og_title":"Freizeitpark Filzmoos - Central Filzmoos im Salzburger Land","og_description":"Als besonderes Special bekommen G\u00e4ste vom Central Filzmoos kostenlosen Eintritt in den Freizeitpark Filzmoos. Hallenbad, Sauna, Kegelbahn, Bistro und Kinderclub","og_url":"https:\/\/www.centralfilzmoos.at\/en\/aktivitaeten\/freizeitpark-filzmoos\/","og_site_name":"Central Filzmoos","article_modified_time":"2022-03-29T09:29:09+00:00","og_image":[{"width":2000,"height":1250,"url":"https:\/\/www.centralfilzmoos.at\/wp-content\/uploads\/wanderurlaub-filzmoos-salzburg-1.jpg","type":"image\/jpeg"}],"twitter_misc":{"Est. reading time":"2 minutes"},"schema":{"@context":"https:\/\/schema.org","@graph":[{"@type":"WebPage","@id":"https:\/\/www.centralfilzmoos.at\/en\/aktivitaeten\/freizeitpark-filzmoos\/","url":"https:\/\/www.centralfilzmoos.at\/en\/aktivitaeten\/freizeitpark-filzmoos\/","name":"Freizeitpark Filzmoos - Central Filzmoos im Salzburger Land","isPartOf":{"@id":"https:\/\/www.centralfilzmoos.at\/#website"},"primaryImageOfPage":{"@id":"https:\/\/www.centralfilzmoos.at\/en\/aktivitaeten\/freizeitpark-filzmoos\/#primaryimage"},"image":{"@id":"https:\/\/www.centralfilzmoos.at\/en\/aktivitaeten\/freizeitpark-filzmoos\/#primaryimage"},"thumbnailUrl":"https:\/\/www.centralfilzmoos.at\/wp-content\/uploads\/wanderurlaub-filzmoos-salzburg-1.jpg","datePublished":"2013-08-28T08:24:28+00:00","dateModified":"2022-03-29T09:29:09+00:00","description":"Als besonderes Special bekommen G\u00e4ste vom Central Filzmoos kostenlosen Eintritt in den Freizeitpark Filzmoos. Hallenbad, Sauna, Kegelbahn, Bistro und Kinderclub","breadcrumb":{"@id":"https:\/\/www.centralfilzmoos.at\/en\/aktivitaeten\/freizeitpark-filzmoos\/#breadcrumb"},"inLanguage":"en-US","potentialAction":[{"@type":"ReadAction","target":["https:\/\/www.centralfilzmoos.at\/en\/aktivitaeten\/freizeitpark-filzmoos\/"]}]},{"@type":"ImageObject","inLanguage":"en-US","@id":"https:\/\/www.centralfilzmoos.at\/en\/aktivitaeten\/freizeitpark-filzmoos\/#primaryimage","url":"https:\/\/www.centralfilzmoos.at\/wp-content\/uploads\/wanderurlaub-filzmoos-salzburg-1.jpg","contentUrl":"https:\/\/www.centralfilzmoos.at\/wp-content\/uploads\/wanderurlaub-filzmoos-salzburg-1.jpg","width":2000,"height":1250,"caption":"Sommerurlaub in Filzmoos"},{"@type":"BreadcrumbList","@id":"https:\/\/www.centralfilzmoos.at\/en\/aktivitaeten\/freizeitpark-filzmoos\/#breadcrumb","itemListElement":[{"@type":"ListItem","position":1,"name":"Home","item":"https:\/\/www.centralfilzmoos.at\/en\/"},{"@type":"ListItem","position":2,"name":"Activities","item":"https:\/\/www.centralfilzmoos.at\/en\/aktivitaeten\/"},{"@type":"ListItem","position":3,"name":"Freizeitpark Filzmoos"}]},{"@type":"WebSite","@id":"https:\/\/www.centralfilzmoos.at\/#website","url":"https:\/\/www.centralfilzmoos.at\/","name":"Central Filzmoos","description":"Eine weitere WordPress-Seite","potentialAction":[{"@type":"SearchAction","target":{"@type":"EntryPoint","urlTemplate":"https:\/\/www.centralfilzmoos.at\/?s={search_term_string}"},"query-input":{"@type":"PropertyValueSpecification","valueRequired":true,"valueName":"search_term_string"}}],"inLanguage":"en-US"}]}},"_links":{"self":[{"href":"https:\/\/www.centralfilzmoos.at\/en\/wp-json\/wp\/v2\/pages\/953","targetHints":{"allow":["GET"]}}],"collection":[{"href":"https:\/\/www.centralfilzmoos.at\/en\/wp-json\/wp\/v2\/pages"}],"about":[{"href":"https:\/\/www.centralfilzmoos.at\/en\/wp-json\/wp\/v2\/types\/page"}],"author":[{"embeddable":true,"href":"https:\/\/www.centralfilzmoos.at\/en\/wp-json\/wp\/v2\/users\/4"}],"replies":[{"embeddable":true,"href":"https:\/\/www.centralfilzmoos.at\/en\/wp-json\/wp\/v2\/comments?post=953"}],"version-history":[{"count":2,"href":"https:\/\/www.centralfilzmoos.at\/en\/wp-json\/wp\/v2\/pages\/953\/revisions"}],"predecessor-version":[{"id":135450,"href":"https:\/\/www.centralfilzmoos.at\/en\/wp-json\/wp\/v2\/pages\/953\/revisions\/135450"}],"up":[{"embeddable":true,"href":"https:\/\/www.centralfilzmoos.at\/en\/wp-json\/wp\/v2\/pages\/950"}],"wp:featuredmedia":[{"embeddable":true,"href":"https:\/\/www.centralfilzmoos.at\/en\/wp-json\/wp\/v2\/media\/135448"}],"wp:attachment":[{"href":"https:\/\/www.centralfilzmoos.at\/en\/wp-json\/wp\/v2\/media?parent=953"}],"curies":[{"name":"wp","href":"https:\/\/api.w.org\/{rel}","templated":true}]}}