{"id":954,"date":"2013-08-28T10:24:51","date_gmt":"2013-08-28T08:24:51","guid":{"rendered":"http:\/\/centralfilzmoos.at.w013ebd6.kasserver.com\/aktivitaeten\/ausflugsziele\/"},"modified":"2014-09-30T10:19:35","modified_gmt":"2014-09-30T08:19:35","slug":"day-trips","status":"publish","type":"page","link":"https:\/\/www.centralfilzmoos.at\/en\/aktivitaeten\/day-trips\/","title":{"rendered":"Day Trips"},"content":{"rendered":"<div class=\"wpb-content-wrapper\"><p>[vc_row][vc_column width=&#8221;1\/1&#8243;][vc_column_text]<\/p>\n<h1>Day Trips &amp; Places of Interest<br \/> near Salzburg<\/h1>\n<p>[\/vc_column_text][\/vc_column][\/vc_row][vc_row][vc_column width=&#8221;1\/1&#8243;][vc_accordion active_tab=&#8221;false&#8221; collapsible=&#8221;yes&#8221;][vc_accordion_tab title=&#8221;Lakes and Swimming Pools&#8221;][vc_row_inner][vc_column_inner width=&#8221;1\/3&#8243;][vc_column_text]<\/p>\n<p><a class=\"btn btn-block\" title=\"Freizeitpark Filzmoos\" href=\"https:\/\/www.centralfilzmoos.at\/en\/aktivitaeten\/freizeitpark-filzmoos\/\">Swimming Pool and Sauna<\/a><\/p>\n<p>[\/vc_column_text][\/vc_column_inner][vc_column_inner width=&#8221;1\/3&#8243;][vc_column_text]<\/p>\n<p><a class=\"btn btn-block\" href=\"http:\/\/www.thermeamade.at\/\" target=\"_blank\">Therme Amad\u00e9 <\/a><\/p>\n<p>[\/vc_column_text][\/vc_column_inner][vc_column_inner width=&#8221;1\/3&#8243;][vc_column_text]<\/p>\n<p><a class=\"btn btn-block\" href=\"http:\/\/www.eben.at\/erlebnisbadesee.html\" target=\"_blank\">Swimming Lake<\/a><\/p>\n<p>[\/vc_column_text][\/vc_column_inner][\/vc_row_inner][vc_single_image image=&#8221;342&#8243; img_link_target=&#8221;_self&#8221; img_size=&#8221;full&#8221;][\/vc_accordion_tab][vc_accordion_tab title=&#8221;Castles and Palaces&#8221;][vc_row_inner][vc_column_inner width=&#8221;1\/3&#8243; el_class=&#8221;button3&#8243;][vc_column_text]<\/p>\n<p><a class=\"btn btn-block\" href=\"http:\/\/www.salzburg-burgen.at\/de\/werfen\/index.htm\" target=\"_blank\">Hohenwerfen Castle<\/a><\/p>\n<p>[\/vc_column_text][\/vc_column_inner][vc_column_inner width=&#8221;1\/3&#8243; el_class=&#8221;button3&#8243;][vc_column_text]<\/p>\n<p><a class=\"btn btn-block\" href=\"http:\/\/www.salzburg-burgen.at\/de\/hohensalzburg\/index.htm\" target=\"_blank\">Hohensalzburg Fortress<\/a><\/p>\n<p>[\/vc_column_text][\/vc_column_inner][vc_column_inner width=&#8221;1\/3&#8243; el_class=&#8221;button3&#8243;][vc_column_text]<\/p>\n<p><a class=\"btn btn-block\" href=\"http:\/\/www.salzburg-burgen.at\/de\/mauterndorf\/index.htm\" target=\"_blank\">Mauterndorf Castle<\/a><\/p>\n<p>[\/vc_column_text][\/vc_column_inner][\/vc_row_inner][vc_row_inner][vc_column_inner width=&#8221;1\/3&#8243; el_class=&#8221;button3&#8243;][vc_column_text]<\/p>\n<p><a class=\"btn btn-block\" href=\"http:\/\/www.salzburg-burgen.at\/de\/residenz\/index.htm\" target=\"_blank\">Salzburg Palace<\/a><\/p>\n<p>[\/vc_column_text][\/vc_column_inner][vc_column_inner width=&#8221;1\/3&#8243; el_class=&#8221;button3&#8243;][vc_column_text]<\/p>\n<p><a class=\"btn btn-block\" href=\"http:\/\/www.hellbrunn.at\/\" target=\"_blank\">Hellbrunn Estate<\/a><\/p>\n<p>[\/vc_column_text][\/vc_column_inner][vc_column_inner width=&#8221;1\/3&#8243; el_class=&#8221;button3&#8243;][vc_column_text]<\/p>\n<p><a class=\"btn btn-block\" href=\"http:\/\/www.salzburg.info\/de\/sehenswertes\/festung_schloesser\/schloss_mirabell_mirabellgarten\" target=\"_blank\">Mirabell Palace<\/a><\/p>\n<p>[\/vc_column_text][\/vc_column_inner][\/vc_row_inner][vc_single_image image=&#8221;350&#8243; img_link_target=&#8221;_self&#8221; img_size=&#8221;full&#8221;][\/vc_accordion_tab][vc_accordion_tab title=&#8221;Museums &#8220;][vc_row_inner][vc_column_inner width=&#8221;1\/3&#8243; el_class=&#8221;button3&#8221;][vc_column_text]<\/p>\n<p><a class=\"btn btn-block\" href=\"http:\/\/www.hausdernatur.at\/\" target=\"_blank\">House of Nature<\/a><\/p>\n<p>[\/vc_column_text][\/vc_column_inner][vc_column_inner width=&#8221;1\/3&#8243; el_class=&#8221;button3&#8243;][vc_column_text]<\/p>\n<p><a class=\"btn btn-block\" href=\"http:\/\/www.salzburg.info\/de\/sehenswertes\/museen_in_salzburg\/museen\/mozarts_geburtshaus\" target=\"_blank\">Mozart`s Birth House<\/a><\/p>\n<p>[\/vc_column_text][\/vc_column_inner][vc_column_inner width=&#8221;1\/3&#8243; el_class=&#8221;button3&#8243;][vc_column_text]<\/p>\n<p><a class=\"btn btn-block\" href=\"http:\/\/www.domquartier.at\/en\/\" target=\"_blank\">Salzburg Cathedral Museum\u00a0<\/a><\/p>\n<p>[\/vc_column_text][\/vc_column_inner][\/vc_row_inner][vc_row_inner][vc_column_inner width=&#8221;1\/3&#8243; el_class=&#8221;button3&#8243;][vc_column_text]<\/p>\n<p><a class=\"btn btn-block\" href=\"http:\/\/www.skimuseum.at\/\" target=\"_blank\">Salzburger State Ski Museum<\/a><\/p>\n<p>[\/vc_column_text][\/vc_column_inner][vc_column_inner width=&#8221;1\/3&#8243; el_class=&#8221;button3&#8243;][vc_column_text]<\/p>\n<p><a class=\"btn btn-block\" href=\"http:\/\/www.keltenmuseum.at\/de\/\" target=\"_blank\">Hallein Celtic Museum<\/a><\/p>\n<p>[\/vc_column_text][\/vc_column_inner][vc_column_inner width=&#8221;1\/3&#8243; el_class=&#8221;button3&#8243;][vc_column_text]<\/p>\n<p><a class=\"btn btn-block\" href=\"http:\/\/www.talmuseum.at\/\" target=\"_blank\">H\u00fcttschlag Valley Museum<\/a><\/p>\n<p>[\/vc_column_text][\/vc_column_inner][\/vc_row_inner][vc_row_inner][vc_column_inner width=&#8221;1\/3&#8243; el_class=&#8221;button3&#8243;][vc_column_text]<\/p>\n<p><a class=\"btn btn-block\" href=\"http:\/\/www.altenmarkt.at\/index.php?option=com_content&amp;view=article&amp;id=99&amp;Itemid=150\" target=\"_blank\">Altenmarkt Local Culture Museum<\/a><\/p>\n<p>[\/vc_column_text][\/vc_column_inner][vc_column_inner width=&#8221;1\/3&#8243; el_class=&#8221;button3&#8243;][vc_column_text]<\/p>\n<p><a class=\"btn btn-block\" href=\"http:\/\/www.radstadt.at\/index\/?s=museum&amp;l=de\" target=\"_blank\">Radstadt Museum<\/a><\/p>\n<p>[\/vc_column_text][\/vc_column_inner][vc_column_inner width=&#8221;1\/3&#8243; el_class=&#8221;button3&#8243;][vc_column_text]<\/p>\n<p><a class=\"btn btn-block\" href=\"http:\/\/www.radstadt.at\/index\/?s=museum&amp;l=de\" target=\"_blank\">Lerchen Castle<\/a><\/p>\n<p>[\/vc_column_text][\/vc_column_inner][\/vc_row_inner][vc_row_inner][vc_column_inner width=&#8221;1\/3&#8243; el_class=&#8221;button3&#8243;][vc_column_text]<\/p>\n<p><a class=\"btn btn-block\" href=\"http:\/\/www.salzburgmuseum.at\/volkskundemuseum.html\" target=\"_blank\">Local Folk Museum<\/a><\/p>\n<p>[\/vc_column_text][\/vc_column_inner][vc_column_inner width=&#8221;1\/3&#8243; el_class=&#8221;button3&#8243;][vc_column_text]<\/p>\n<p><a class=\"btn btn-block\" href=\"http:\/\/www.freilichtmuseum.com\/\" target=\"_blank\">Salzburger Open Air Museum\u00a0<\/a><\/p>\n<p>[\/vc_column_text][\/vc_column_inner][vc_column_inner width=&#8221;1\/3&#8243; el_class=&#8221;button3&#8243;][vc_column_text]<\/p>\n<p><a class=\"btn btn-block\" href=\"http:\/\/www.waggerl.at\/\" target=\"_blank\">Karl Heinrich Waggerl House<\/a><\/p>\n<p>[\/vc_column_text][\/vc_column_inner][\/vc_row_inner][vc_single_image image=&#8221;348&#8243; img_link_target=&#8221;_self&#8221; img_size=&#8221;full&#8221;][\/vc_accordion_tab][vc_accordion_tab title=&#8221;Natural Wonders&#8221;][vc_row_inner][vc_column_inner width=&#8221;1\/3&#8243; el_class=&#8221;button3&#8243;][vc_column_text]<\/p>\n<p><a class=\"btn btn-block\" href=\"http:\/\/www.eisriesenwelt.at\/\" target=\"_blank\">Ice Caves in Werfen<\/a><\/p>\n<p>[\/vc_column_text][\/vc_column_inner][vc_column_inner width=&#8221;1\/3&#8243; el_class=&#8221;button3&#8243;][vc_column_text]<\/p>\n<p><a class=\"btn btn-block\" href=\"http:\/\/www.liechtensteinklamm.at\/\" target=\"_blank\">&#8220;Liechtensteinklamm&#8221; Gorge<\/a><\/p>\n<p>[\/vc_column_text][\/vc_column_inner][vc_column_inner width=&#8221;1\/3&#8243; el_class=&#8221;button3&#8243;][vc_column_text]<\/p>\n<p><a class=\"btn btn-block\" href=\"http:\/\/www.wasserfaelle-krimml.at\/\" target=\"_blank\">Krimmler Waterfalls<\/a><\/p>\n<p>[\/vc_column_text][\/vc_column_inner][\/vc_row_inner][vc_row_inner][vc_column_inner width=&#8221;1\/3&#8243; el_class=&#8221;button3&#8243;][vc_column_text]<\/p>\n<p><a class=\"btn btn-block\" href=\"http:\/\/www.kitzlochklamm.at\/\" target=\"_blank\">&#8220;Kitzlochklamm&#8221; Gorge<\/a><\/p>\n<p>[\/vc_column_text][\/vc_column_inner][vc_column_inner width=&#8221;1\/3&#8243; el_class=&#8221;button3&#8243;][vc_column_text]<\/p>\n<p><a class=\"btn btn-block\" href=\"http:\/\/www.golling.info\/erlebnis-ausflug\/salzachoefen\" target=\"_blank\">Salzach\u00f6fen Golling<\/a><\/p>\n<p>[\/vc_column_text][\/vc_column_inner][vc_column_inner width=&#8221;1\/3&#8243; el_class=&#8221;button3&#8243;][vc_column_text]<\/p>\n<p><a class=\"btn btn-block\" href=\"http:\/\/www.golling.info\/erlebnis-ausflug\/gollinger-wasserfall\" target=\"_blank\">Gollinger Waterfalls<\/a><\/p>\n<p>[\/vc_column_text][\/vc_column_inner][\/vc_row_inner][vc_single_image image=&#8221;346&#8243; img_link_target=&#8221;_self&#8221; img_size=&#8221;full&#8221;][\/vc_accordion_tab][vc_accordion_tab title=&#8221;Mountain Mines&#8221;][vc_row_inner][vc_column_inner width=&#8221;1\/3&#8243; el_class=&#8221;button3&#8243;][vc_column_text]<\/p>\n<p><a class=\"btn btn-block\" href=\"http:\/\/www.salzwelten.at\/de\/hallstatt\/bergwerk\/\" target=\"_blank\">World of Salt in Hallstatt<\/a><\/p>\n<p>[\/vc_column_text][\/vc_column_inner][vc_column_inner width=&#8221;1\/3&#8243; el_class=&#8221;button3&#8243;][vc_column_text]<\/p>\n<p><a class=\"btn btn-block\" href=\"http:\/\/www.salzwelten.at\/salz\/index.php?option=com_content&amp;view=article&amp;id=29&amp;Itemid=61de\/2\" target=\"_blank\">World of Salt in Hallein <\/a><\/p>\n<p>[\/vc_column_text][\/vc_column_inner][vc_column_inner width=&#8221;1\/3&#8243; el_class=&#8221;button3&#8243;][vc_column_text]<\/p>\n<p><a class=\"btn btn-block\" href=\"http:\/\/www.kupferzeche.at\/\" target=\"_blank\">Copper Mine in H\u00fcttau<\/a><\/p>\n<p>[\/vc_column_text][\/vc_column_inner][\/vc_row_inner][vc_row_inner][vc_column_inner width=&#8221;1\/3&#8243; el_class=&#8221;button3&#8243;][vc_column_text]<\/p>\n<p><a class=\"btn btn-block\" href=\"http:\/\/www.bergbau-museum-sbg.at\/\" target=\"_blank\">Museum M\u00fchlbach\/Hochk\u00f6nig<\/a><\/p>\n<p>[\/vc_column_text][\/vc_column_inner][vc_column_inner width=&#8221;1\/3&#8243; el_class=&#8221;button3&#8243;][vc_column_text]<\/p>\n<p><a class=\"btn btn-block\" href=\"http:\/\/www.salzburg.info\/de\/sehenswertes\/ausflugsziele\/salzbergwerk_berchtesgaden\" target=\"_blank\">Salt Mine in Berchtesgaden<\/a><\/p>\n<p>[\/vc_column_text][\/vc_column_inner][vc_column_inner width=&#8221;1\/3&#8243; el_class=&#8221;button3&#8243;][vc_column_text]<\/p>\n<p><a class=\"btn btn-block\" href=\"http:\/\/www.salzburg.info\/de\/sehenswertes\/ausflugsziele\/alte_saline_bad_reichenhall\" target=\"_blank\">Old Saline in Bad Reichenhall<\/a><\/p>\n<p>[\/vc_column_text][\/vc_column_inner][\/vc_row_inner][vc_single_image image=&#8221;345&#8243; img_link_target=&#8221;_self&#8221; img_size=&#8221;full&#8221;][\/vc_accordion_tab][vc_accordion_tab title=&#8221;Picturesque Mountain Roads &#8220;][vc_row_inner][vc_column_inner width=&#8221;1\/3&#8243; el_class=&#8221;button3&#8221;][vc_column_text]<\/p>\n<p><a class=\"btn btn-block\" href=\"http:\/\/www.grossglockner.at\/\" target=\"_blank\">&#8220;Gro\u00dfglockner&#8221; High Alpine Road<\/a><\/p>\n<p>[\/vc_column_text][\/vc_column_inner][vc_column_inner width=&#8221;1\/3&#8243; el_class=&#8221;button3&#8243;][vc_column_text]<\/p>\n<p><a class=\"btn btn-block\" href=\"http:\/\/www.verbund.com\/tm\/de\/kaprun\" target=\"_blank\">Kaprun High Mountain Road<\/a><\/p>\n<p>[\/vc_column_text][\/vc_column_inner][vc_column_inner width=&#8221;1\/3&#8243; el_class=&#8221;button3&#8243;][vc_column_text]<\/p>\n<p><a class=\"btn btn-block\" href=\"http:\/\/www.alphomes.at\/postalmstrasse-abtenau\/default.aspx\" target=\"_blank\">&#8220;Postalm&#8221; Road<\/a><\/p>\n<p>[\/vc_column_text][\/vc_column_inner][\/vc_row_inner][vc_single_image image=&#8221;344&#8243; img_link_target=&#8221;_self&#8221; img_size=&#8221;full&#8221;][\/vc_accordion_tab][vc_accordion_tab title=&#8221;Game Parks and Zoos&#8221;][vc_row_inner][vc_column_inner width=&#8221;1\/2&#8243; el_class=&#8221;button2&#8243;][vc_column_text]<\/p>\n<p><a class=\"btn btn-block\" href=\"http:\/\/www.salzburg-zoo.at\/\" target=\"_blank\">Salzburg Zoo<\/a><\/p>\n<p>[\/vc_column_text][\/vc_column_inner][vc_column_inner width=&#8221;1\/2&#8243; el_class=&#8221;button2&#8243;][vc_column_text]<\/p>\n<p><a class=\"btn btn-block\" href=\"http:\/\/www.freizeitpark-untertauern.com\/\" target=\"_blank\">Leisure and Game Park Untertauern<\/a><\/p>\n<p>[\/vc_column_text][\/vc_column_inner][\/vc_row_inner][vc_single_image image=&#8221;343&#8243; img_link_target=&#8221;_self&#8221; img_size=&#8221;full&#8221;][\/vc_accordion_tab][vc_accordion_tab title=&#8221;\u2026and more&#8221;][vc_row_inner][vc_column_inner width=&#8221;1\/3&#8243; el_class=&#8221;button3&#8243;][vc_column_text]<\/p>\n<p><a class=\"btn btn-block\" href=\"http:\/\/www.derdachstein.at\/dachstein\/de\/Home.html\" target=\"_blank\">The &#8220;Dachstein&#8221; Glacier<\/a><\/p>\n<p>[\/vc_column_text][\/vc_column_inner][vc_column_inner width=&#8221;1\/3&#8243; el_class=&#8221;button3&#8243;][vc_column_text]<\/p>\n<p><a class=\"btn btn-block\" href=\"http:\/\/www.rittisberg.at\/\" target=\"_blank\">The &#8220;Rittisberg&#8221; Experience<\/a><\/p>\n<p>[\/vc_column_text][\/vc_column_inner][vc_column_inner width=&#8221;1\/3&#8243; el_class=&#8221;button3&#8243;][vc_column_text]<\/p>\n<p><a class=\"btn btn-block\" href=\"http:\/\/www.stadt-salzburg.at\/internet\/bildung_kultur\/altstadt_tourismus_332232\/weltkulturerbe_altst_320573\/weltkulturerbe_altstadt_salzburg_185111.htm\" target=\"_blank\">The Old City of Salzburg<\/a><\/p>\n<p>[\/vc_column_text][\/vc_column_inner][\/vc_row_inner][vc_single_image image=&#8221;354&#8243; img_link_target=&#8221;_self&#8221; img_size=&#8221;full&#8221;][\/vc_accordion_tab][vc_accordion_tab title=&#8221;Salzburger Sportwelt Card and SalzburgerLand Card &#8220;][vc_row_inner][vc_column_inner width=&#8221;1\/3&#8243;][vc_single_image image=&#8221;327&#8243; img_link_target=&#8221;_self&#8221; img_size=&#8221;full&#8221;][\/vc_column_inner][vc_column_inner width=&#8221;2\/3&#8243;][vc_column_text]<\/p>\n<h4 id=\"salzburgerlandcard2\">Salzburger Sportwelt Card<\/h4>\n<p>Mit der <a href=\"http:\/\/www.sportwelt-amade.com\/de-news-salzburger_sportwelt_card-39.shtml\" target=\"_blank\">Salzburger Sportwelt Card<\/a> erhalten Sie unter anderem erm\u00e4\u00dfigten Eintritt zu den interessantesten Sehensw\u00fcrdigkeiten (Burgen, Schl\u00f6sser, Museen, Schaubergwerke). Ebenfalls k\u00f6nnen Sie Sessel- und Seilbahnen verg\u00fcnstigt benutzen. Die umliegenden Seen und B\u00e4der freuen sich, Ihnen einen reduzierten Eintritt zu erm\u00f6glichen.<\/p>\n<p>[\/vc_column_text][\/vc_column_inner][\/vc_row_inner][vc_row_inner][vc_column_inner width=&#8221;1\/3&#8243;][vc_single_image image=&#8221;328&#8243; img_link_target=&#8221;_self&#8221; img_size=&#8221;full&#8221;][\/vc_column_inner][vc_column_inner width=&#8221;2\/3&#8243;][vc_column_text]<\/p>\n<h4 id=\"salzburgerlandcard\">SalzburgerLand Card<\/h4>\n<p>Im Salzburger Land gibt es jede Menge zu entdecken. Sie erhalten Eintritt zu \u00fcber 190 Sehensw\u00fcrdigkeiten und Attraktionen im ganzen Salzburger Land! Egal, ob Sie die Festspielstadt Salzburg, die Eisriesenwelt oder die Festung Hohenwerfen besuchen wollen, mit der <a href=\"http:\/\/www.salzburgerland.com\/salzburgerlandcard\/index.html\" target=\"_blank\">SalzburgerLandCard<\/a> erhalten Sie zahlreiche Verg\u00fcnstigungen.<\/p>\n<p>[\/vc_column_text][\/vc_column_inner][\/vc_row_inner][\/vc_accordion_tab][\/vc_accordion][vc_single_image image=&#8221;347&#8243; img_link_target=&#8221;_self&#8221; img_size=&#8221;full&#8221;][\/vc_column][\/vc_row]<\/p>\n<\/div>","protected":false},"excerpt":{"rendered":"<p>[vc_row][vc_column width=&#8221;1\/1&#8243;][vc_column_text] Day Trips &amp; Places of Interest near Salzburg [\/vc_column_text][\/vc_column][\/vc_row][vc_row][vc_column width=&#8221;1\/1&#8243;][vc_accordion active_tab=&#8221;false&#8221; collapsible=&#8221;yes&#8221;][vc_accordion_tab title=&#8221;Lakes and Swimming Pools&#8221;][vc_row_inner][vc_column_inner width=&#8221;1\/3&#8243;][vc_column_text] Swimming Pool and Sauna [\/vc_column_text][\/vc_column_inner][vc_column_inner width=&#8221;1\/3&#8243;][vc_column_text] Therme Amad\u00e9 [\/vc_column_text][\/vc_column_inner][vc_column_inner width=&#8221;1\/3&#8243;][vc_column_text] Swimming Lake [\/vc_column_text][\/vc_column_inner][\/vc_row_inner][vc_single_image image=&#8221;342&#8243; img_link_target=&#8221;_self&#8221; img_size=&#8221;full&#8221;][\/vc_accordion_tab][vc_accordion_tab title=&#8221;Castles and Palaces&#8221;][vc_row_inner][vc_column_inner width=&#8221;1\/3&#8243; el_class=&#8221;button3&#8243;][vc_column_text]<span class=\"ellipsis\">&hellip;<\/span> <a href=\"https:\/\/www.centralfilzmoos.at\/en\/aktivitaeten\/day-trips\/\"><\/p>\n<div class=\"read-more\">Read more &#8250;<\/div>\n<p><\/a><\/p>\n","protected":false},"author":4,"featured_media":135446,"parent":950,"menu_order":0,"comment_status":"closed","ping_status":"closed","template":"","meta":{"_acf_changed":false,"rs_blank_template":"","rs_page_bg_color":"","slide_template_v7":"","footnotes":""},"class_list":["post-954","page","type-page","status-publish","has-post-thumbnail","hentry"],"acf":[],"yoast_head":"<!-- This site is optimized with the Yoast SEO plugin v27.5 - https:\/\/yoast.com\/product\/yoast-seo-wordpress\/ -->\n<title>Day Trips - from Central Filzmoos in Salzburger Land<\/title>\n<meta name=\"description\" content=\"There is so much to see and do in and around Salzburg: Mozart, Castles, Ice Caves, Alps, Salzburg Zoo, Salzburg Old City, Sound of Music\" \/>\n<meta name=\"robots\" content=\"index, follow, max-snippet:-1, max-image-preview:large, max-video-preview:-1\" \/>\n<link rel=\"canonical\" href=\"https:\/\/www.centralfilzmoos.at\/en\/aktivitaeten\/day-trips\/\" \/>\n<meta property=\"og:locale\" content=\"en_US\" \/>\n<meta property=\"og:type\" content=\"article\" \/>\n<meta property=\"og:title\" content=\"Day Trips - from Central Filzmoos in Salzburger Land\" \/>\n<meta property=\"og:description\" content=\"There is so much to see and do in and around Salzburg: Mozart, Castles, Ice Caves, Alps, Salzburg Zoo, Salzburg Old City, Sound of Music\" \/>\n<meta property=\"og:url\" content=\"https:\/\/www.centralfilzmoos.at\/en\/aktivitaeten\/day-trips\/\" \/>\n<meta property=\"og:site_name\" content=\"Central Filzmoos\" \/>\n<meta property=\"article:modified_time\" content=\"2014-09-30T08:19:35+00:00\" \/>\n<meta property=\"og:image\" content=\"https:\/\/www.centralfilzmoos.at\/wp-content\/uploads\/sommer1.jpg\" \/>\n\t<meta property=\"og:image:width\" content=\"2000\" \/>\n\t<meta property=\"og:image:height\" content=\"1250\" \/>\n\t<meta property=\"og:image:type\" content=\"image\/jpeg\" \/>\n<meta name=\"twitter:label1\" content=\"Est. reading time\" \/>\n\t<meta name=\"twitter:data1\" content=\"6 minutes\" \/>\n<script type=\"application\/ld+json\" class=\"yoast-schema-graph\">{\"@context\":\"https:\\\/\\\/schema.org\",\"@graph\":[{\"@type\":\"WebPage\",\"@id\":\"https:\\\/\\\/www.centralfilzmoos.at\\\/en\\\/aktivitaeten\\\/day-trips\\\/\",\"url\":\"https:\\\/\\\/www.centralfilzmoos.at\\\/en\\\/aktivitaeten\\\/day-trips\\\/\",\"name\":\"Day Trips - from Central Filzmoos in Salzburger Land\",\"isPartOf\":{\"@id\":\"https:\\\/\\\/www.centralfilzmoos.at\\\/#website\"},\"primaryImageOfPage\":{\"@id\":\"https:\\\/\\\/www.centralfilzmoos.at\\\/en\\\/aktivitaeten\\\/day-trips\\\/#primaryimage\"},\"image\":{\"@id\":\"https:\\\/\\\/www.centralfilzmoos.at\\\/en\\\/aktivitaeten\\\/day-trips\\\/#primaryimage\"},\"thumbnailUrl\":\"https:\\\/\\\/www.centralfilzmoos.at\\\/wp-content\\\/uploads\\\/wanderurlaub-filzmoos-1-1.jpg\",\"datePublished\":\"2013-08-28T08:24:51+00:00\",\"dateModified\":\"2014-09-30T08:19:35+00:00\",\"description\":\"There is so much to see and do in and around Salzburg: Mozart, Castles, Ice Caves, Alps, Salzburg Zoo, Salzburg Old City, Sound of Music\",\"breadcrumb\":{\"@id\":\"https:\\\/\\\/www.centralfilzmoos.at\\\/en\\\/aktivitaeten\\\/day-trips\\\/#breadcrumb\"},\"inLanguage\":\"en-US\",\"potentialAction\":[{\"@type\":\"ReadAction\",\"target\":[\"https:\\\/\\\/www.centralfilzmoos.at\\\/en\\\/aktivitaeten\\\/day-trips\\\/\"]}]},{\"@type\":\"ImageObject\",\"inLanguage\":\"en-US\",\"@id\":\"https:\\\/\\\/www.centralfilzmoos.at\\\/en\\\/aktivitaeten\\\/day-trips\\\/#primaryimage\",\"url\":\"https:\\\/\\\/www.centralfilzmoos.at\\\/wp-content\\\/uploads\\\/wanderurlaub-filzmoos-1-1.jpg\",\"contentUrl\":\"https:\\\/\\\/www.centralfilzmoos.at\\\/wp-content\\\/uploads\\\/wanderurlaub-filzmoos-1-1.jpg\",\"width\":2000,\"height\":1250,\"caption\":\"Sommerurlaub in Filzmoos\"},{\"@type\":\"BreadcrumbList\",\"@id\":\"https:\\\/\\\/www.centralfilzmoos.at\\\/en\\\/aktivitaeten\\\/day-trips\\\/#breadcrumb\",\"itemListElement\":[{\"@type\":\"ListItem\",\"position\":1,\"name\":\"Home\",\"item\":\"https:\\\/\\\/www.centralfilzmoos.at\\\/en\\\/\"},{\"@type\":\"ListItem\",\"position\":2,\"name\":\"Activities\",\"item\":\"https:\\\/\\\/www.centralfilzmoos.at\\\/en\\\/aktivitaeten\\\/\"},{\"@type\":\"ListItem\",\"position\":3,\"name\":\"Day Trips\"}]},{\"@type\":\"WebSite\",\"@id\":\"https:\\\/\\\/www.centralfilzmoos.at\\\/#website\",\"url\":\"https:\\\/\\\/www.centralfilzmoos.at\\\/\",\"name\":\"Central Filzmoos\",\"description\":\"Eine weitere WordPress-Seite\",\"potentialAction\":[{\"@type\":\"SearchAction\",\"target\":{\"@type\":\"EntryPoint\",\"urlTemplate\":\"https:\\\/\\\/www.centralfilzmoos.at\\\/?s={search_term_string}\"},\"query-input\":{\"@type\":\"PropertyValueSpecification\",\"valueRequired\":true,\"valueName\":\"search_term_string\"}}],\"inLanguage\":\"en-US\"}]}<\/script>\n<!-- \/ Yoast SEO plugin. -->","yoast_head_json":{"title":"Day Trips - from Central Filzmoos in Salzburger Land","description":"There is so much to see and do in and around Salzburg: Mozart, Castles, Ice Caves, Alps, Salzburg Zoo, Salzburg Old City, Sound of Music","robots":{"index":"index","follow":"follow","max-snippet":"max-snippet:-1","max-image-preview":"max-image-preview:large","max-video-preview":"max-video-preview:-1"},"canonical":"https:\/\/www.centralfilzmoos.at\/en\/aktivitaeten\/day-trips\/","og_locale":"en_US","og_type":"article","og_title":"Day Trips - from Central Filzmoos in Salzburger Land","og_description":"There is so much to see and do in and around Salzburg: Mozart, Castles, Ice Caves, Alps, Salzburg Zoo, Salzburg Old City, Sound of Music","og_url":"https:\/\/www.centralfilzmoos.at\/en\/aktivitaeten\/day-trips\/","og_site_name":"Central Filzmoos","article_modified_time":"2014-09-30T08:19:35+00:00","og_image":[{"width":2000,"height":1250,"url":"https:\/\/www.centralfilzmoos.at\/wp-content\/uploads\/sommer1.jpg","type":"image\/jpeg"}],"twitter_misc":{"Est. reading time":"6 minutes"},"schema":{"@context":"https:\/\/schema.org","@graph":[{"@type":"WebPage","@id":"https:\/\/www.centralfilzmoos.at\/en\/aktivitaeten\/day-trips\/","url":"https:\/\/www.centralfilzmoos.at\/en\/aktivitaeten\/day-trips\/","name":"Day Trips - from Central Filzmoos in Salzburger Land","isPartOf":{"@id":"https:\/\/www.centralfilzmoos.at\/#website"},"primaryImageOfPage":{"@id":"https:\/\/www.centralfilzmoos.at\/en\/aktivitaeten\/day-trips\/#primaryimage"},"image":{"@id":"https:\/\/www.centralfilzmoos.at\/en\/aktivitaeten\/day-trips\/#primaryimage"},"thumbnailUrl":"https:\/\/www.centralfilzmoos.at\/wp-content\/uploads\/wanderurlaub-filzmoos-1-1.jpg","datePublished":"2013-08-28T08:24:51+00:00","dateModified":"2014-09-30T08:19:35+00:00","description":"There is so much to see and do in and around Salzburg: Mozart, Castles, Ice Caves, Alps, Salzburg Zoo, Salzburg Old City, Sound of Music","breadcrumb":{"@id":"https:\/\/www.centralfilzmoos.at\/en\/aktivitaeten\/day-trips\/#breadcrumb"},"inLanguage":"en-US","potentialAction":[{"@type":"ReadAction","target":["https:\/\/www.centralfilzmoos.at\/en\/aktivitaeten\/day-trips\/"]}]},{"@type":"ImageObject","inLanguage":"en-US","@id":"https:\/\/www.centralfilzmoos.at\/en\/aktivitaeten\/day-trips\/#primaryimage","url":"https:\/\/www.centralfilzmoos.at\/wp-content\/uploads\/wanderurlaub-filzmoos-1-1.jpg","contentUrl":"https:\/\/www.centralfilzmoos.at\/wp-content\/uploads\/wanderurlaub-filzmoos-1-1.jpg","width":2000,"height":1250,"caption":"Sommerurlaub in Filzmoos"},{"@type":"BreadcrumbList","@id":"https:\/\/www.centralfilzmoos.at\/en\/aktivitaeten\/day-trips\/#breadcrumb","itemListElement":[{"@type":"ListItem","position":1,"name":"Home","item":"https:\/\/www.centralfilzmoos.at\/en\/"},{"@type":"ListItem","position":2,"name":"Activities","item":"https:\/\/www.centralfilzmoos.at\/en\/aktivitaeten\/"},{"@type":"ListItem","position":3,"name":"Day Trips"}]},{"@type":"WebSite","@id":"https:\/\/www.centralfilzmoos.at\/#website","url":"https:\/\/www.centralfilzmoos.at\/","name":"Central Filzmoos","description":"Eine weitere WordPress-Seite","potentialAction":[{"@type":"SearchAction","target":{"@type":"EntryPoint","urlTemplate":"https:\/\/www.centralfilzmoos.at\/?s={search_term_string}"},"query-input":{"@type":"PropertyValueSpecification","valueRequired":true,"valueName":"search_term_string"}}],"inLanguage":"en-US"}]}},"_links":{"self":[{"href":"https:\/\/www.centralfilzmoos.at\/en\/wp-json\/wp\/v2\/pages\/954","targetHints":{"allow":["GET"]}}],"collection":[{"href":"https:\/\/www.centralfilzmoos.at\/en\/wp-json\/wp\/v2\/pages"}],"about":[{"href":"https:\/\/www.centralfilzmoos.at\/en\/wp-json\/wp\/v2\/types\/page"}],"author":[{"embeddable":true,"href":"https:\/\/www.centralfilzmoos.at\/en\/wp-json\/wp\/v2\/users\/4"}],"replies":[{"embeddable":true,"href":"https:\/\/www.centralfilzmoos.at\/en\/wp-json\/wp\/v2\/comments?post=954"}],"version-history":[{"count":20,"href":"https:\/\/www.centralfilzmoos.at\/en\/wp-json\/wp\/v2\/pages\/954\/revisions"}],"predecessor-version":[{"id":1196,"href":"https:\/\/www.centralfilzmoos.at\/en\/wp-json\/wp\/v2\/pages\/954\/revisions\/1196"}],"up":[{"embeddable":true,"href":"https:\/\/www.centralfilzmoos.at\/en\/wp-json\/wp\/v2\/pages\/950"}],"wp:featuredmedia":[{"embeddable":true,"href":"https:\/\/www.centralfilzmoos.at\/en\/wp-json\/wp\/v2\/media\/135446"}],"wp:attachment":[{"href":"https:\/\/www.centralfilzmoos.at\/en\/wp-json\/wp\/v2\/media?parent=954"}],"curies":[{"name":"wp","href":"https:\/\/api.w.org\/{rel}","templated":true}]}}