{"id":958,"date":"2013-08-28T10:23:18","date_gmt":"2013-08-28T08:23:18","guid":{"rendered":"http:\/\/centralfilzmoos.at.w013ebd6.kasserver.com\/buchungsanfragen\/buchungsinformationen\/"},"modified":"2022-03-29T11:41:08","modified_gmt":"2022-03-29T09:41:08","slug":"buchungsinformationen","status":"publish","type":"page","link":"https:\/\/www.centralfilzmoos.at\/en\/buchungsanfragen\/buchungsinformationen\/","title":{"rendered":"Buchungsinformationen"},"content":{"rendered":"<div class=\"wpb-content-wrapper\"><p>[vc_row][vc_column][vc_column_text]<\/p>\n<h1>Buchungsinformationen<\/h1>\n<p>[\/vc_column_text][\/vc_column][\/vc_row][vc_row][vc_column width=&#8221;1\/2&#8243;][vc_column_text]<\/p>\n<h5>Erm\u00e4\u00dfigung pro Kind und Tag<\/h5>\n<ul>\n<li>Bis zu 2 Kinder zwischen 3 bis 5 Jahre zahlen \u20ac 5,- pro Nacht<\/li>\n<\/ul>\n<p>&nbsp;<\/p>\n<h5>Kinderausstattung<\/h5>\n<p>Gitterbett und Hochstuhl stellen wir gerne zur Verf\u00fcgung.<\/p>\n<p>&nbsp;<\/p>\n<h5>Fr\u00fchst\u00fcck<\/h5>\n<p>Fr\u00fchst\u00fcck kann dazugebucht werden. Dieses wird im Hotel Bischofsm\u00fctze (gegen\u00fcber Central Filzmoos) eingenommen. Aufpreis\u00a0\u20ac 15,- pro Person und Tag.<\/p>\n<p>&nbsp;<\/p>\n<h5>Ortstaxe<\/h5>\n<p>\u20ac 2,10 Ortstaxe pro Erwachsenen pro Tag.<\/p>\n<p>&nbsp;<\/p>\n<h5>Central Filzmoos-Extras<\/h5>\n<ul>\n<li>Kostenloser Filzmooser Skibus und Wanderbus<\/li>\n<li>Gratis Eintritt in den <a title=\"Freizeitpark Filzmoos\" href=\"https:\/\/www.centralfilzmoos.at\/aktivitaeten\/freizeitpark-filzmoos\/\">Freizeitpark Filzmoos<\/a> mit Schwimmbad und Sauna<\/li>\n<li>Top Lage &#8211; nur wenige Schritte zu Restaurants, Bars und Gesch\u00e4ften<\/li>\n<li>Erm\u00e4\u00dfigung f\u00fcr Ski- und Snowboardunterricht<\/li>\n<li>Hauseigener Garten zum Sonnen und Entspannen<\/li>\n<\/ul>\n<p>&nbsp;<\/p>\n<h5>Parkplatz<\/h5>\n<p>Es sind ausreichend kostenlose Parkpl\u00e4tze vorhanden.<\/p>\n<p>&nbsp;<\/p>\n<h5>Haustiere<\/h5>\n<p>Haustiere sind erlaubt &#8211; Preis auf Anfrage. Um die Harmonie der anderen Hausg\u00e4ste nicht zu st\u00f6ren, ersuchen wir Sie, Ihren vierbeinigen Liebling immer an der Leine zu halten.[\/vc_column_text][\/vc_column][vc_column width=&#8221;1\/2&#8243;][vc_column_text]<\/p>\n<h5>Internet<\/h5>\n<p>Der Internetzugang per WLAN ist kostenlos.<\/p>\n<p>&nbsp;<\/p>\n<h5>Rauchen<\/h5>\n<p>Wir sind ein Nichtraucherhaus.\u00a0Raucher d\u00fcrfen Ihre Zigarette im Freien\u00a0genie\u00dfen. Wir bitten um Ihr Verst\u00e4ndnis.<\/p>\n<p>&nbsp;<\/p>\n<h5>An- und Abreise<\/h5>\n<p>Die Ferienwohnungen sind ab 16.00 Uhr bezugsfertig. Bei Ihrer Abreise sind diese bis 9.00 Uhr freizugeben.<\/p>\n<p>&nbsp;<\/p>\n<h5>Anzahlung &amp; Bezahlung<\/h5>\n<p>Bei fixer Reservierung ersuchen wir Sie um eine Anzahlung auf unser Konto. Erst dann erlangt Ihre Reservierung G\u00fcltigkeit. Den Restbetrag bezahlen Sie bitte am Vorabend Ihrer Abreise in bar.<\/p>\n<p>&nbsp;<\/p>\n<h5>Stornobedingungen<\/h5>\n<p>Zimmerstornierungen sind nur schriftlich g\u00fcltig. Bis zu 3 Monate vor Urlaubsantritt keine Stornokosten, bis 1 Monat vor Urlaubsantritt stellen 40 % des des gebuchten Aufenthaltes in Rechnung. Ab 1 Monat bis 1 Woche vor\u00a0Urlaubsantritt\u00a0verrechnen wir 70 % des gebuchten Aufenthaltes. Innerhalb einer Woche vor Urlaubsantritt\u00a0oder vorzeitiger Abreise verrechnen wir\u00a090 % des gebuchten Aufenthaltes. Es gelten die Buchungsbedingungen laut dem\u00a0<a href=\"https:\/\/www.centralfilzmoos.at\/wp-content\/uploads\/AGBH_061115.pdf\" target=\"_blank\" rel=\"noopener\">\u00d6sterreichischen Hotelreglement<\/a>.<\/p>\n<p>&nbsp;<\/p>\n<h5>Reiseversicherung<\/h5>\n<p>Eine Buchung ist ein Kaufvertrag. Bei Stornierung, versp\u00e4teter Anreise und vorzeitiger Abreise fallen Stornogeb\u00fchren an. Jedem kann einmal etwas dazwischen kommen (Krankheit, Unfall,\u2026). Deshalb empfehlen wir f\u00fcr diesen Fall eine <a href=\"http:\/\/www.europaeische.at\/\" target=\"_blank\" rel=\"noopener\">Reiseversicherung<\/a> abzuschlie\u00dfen.<\/p>\n<p>[\/vc_column_text][\/vc_column][\/vc_row][vc_row][vc_column width=&#8221;1\/3&#8243; el_class=&#8221;button3&#8243;][vc_column_text]<\/p>\n<p><a class=\"btn btn-block\" title=\"Ausflugsziele\" href=\"https:\/\/www.centralfilzmoos.at\/aktivitaeten\/ausflugsziele\/\">Ausflugsziele<\/a><\/p>\n<p>[\/vc_column_text][\/vc_column][vc_column width=&#8221;1\/3&#8243; el_class=&#8221;button3&#8243;][vc_column_text]<\/p>\n<p><a class=\"btn btn-block\" title=\"Veranstaltungskalender\" href=\"https:\/\/www.centralfilzmoos.at\/aktivitaeten\/veranstaltungskalender\/\">Veranstaltungen<\/a><\/p>\n<p>[\/vc_column_text][\/vc_column][vc_column width=&#8221;1\/3&#8243; el_class=&#8221;button3&#8243;][vc_column_text]<\/p>\n<p><a class=\"btn btn-block\" title=\"Anfrageformular\" href=\"https:\/\/www.centralfilzmoos.at\/buchungsanfragen\/anfrageformular\/\">Unverbindlich anfragen<\/a><\/p>\n<p>[\/vc_column_text][\/vc_column][\/vc_row]<\/p>\n<\/div>","protected":false},"excerpt":{"rendered":"<p>[vc_row][vc_column][vc_column_text] Buchungsinformationen [\/vc_column_text][\/vc_column][\/vc_row][vc_row][vc_column width=&#8221;1\/2&#8243;][vc_column_text] Erm\u00e4\u00dfigung pro Kind und Tag Bis zu 2 Kinder zwischen 3 bis 5 Jahre zahlen \u20ac 5,- pro Nacht &nbsp; Kinderausstattung Gitterbett und Hochstuhl stellen wir gerne zur Verf\u00fcgung. &nbsp; Fr\u00fchst\u00fcck Fr\u00fchst\u00fcck kann dazugebucht werden. Dieses<span class=\"ellipsis\">&hellip;<\/span> <a href=\"https:\/\/www.centralfilzmoos.at\/en\/buchungsanfragen\/buchungsinformationen\/\"><\/p>\n<div class=\"read-more\">Read more &#8250;<\/div>\n<p><\/a><\/p>\n","protected":false},"author":4,"featured_media":135456,"parent":956,"menu_order":0,"comment_status":"closed","ping_status":"closed","template":"","meta":{"_acf_changed":false,"rs_blank_template":"","rs_page_bg_color":"","slide_template_v7":"","footnotes":""},"class_list":["post-958","page","type-page","status-publish","has-post-thumbnail","hentry"],"acf":[],"yoast_head":"<!-- This site is optimized with the Yoast SEO plugin v27.5 - https:\/\/yoast.com\/product\/yoast-seo-wordpress\/ -->\n<title>Buchungsinformationen - Ferienwohnungen Central Filzmoos<\/title>\n<meta name=\"description\" content=\"Buchungsinformationen und Central Filzmoos Extras: Kostenloser Skibus und Wanderbus, Gratis Eintritt in den Freizeitpark Filzmoos, Erm\u00e4\u00dfigung f\u00fcr Ski- und Snowboardunterricht\" \/>\n<meta name=\"robots\" content=\"index, follow, max-snippet:-1, max-image-preview:large, max-video-preview:-1\" \/>\n<link rel=\"canonical\" href=\"https:\/\/www.centralfilzmoos.at\/en\/buchungsanfragen\/buchungsinformationen\/\" \/>\n<meta property=\"og:locale\" content=\"en_US\" \/>\n<meta property=\"og:type\" content=\"article\" \/>\n<meta property=\"og:title\" content=\"Buchungsinformationen - Ferienwohnungen Central Filzmoos\" \/>\n<meta property=\"og:description\" content=\"Buchungsinformationen und Central Filzmoos Extras: Kostenloser Skibus und Wanderbus, Gratis Eintritt in den Freizeitpark Filzmoos, Erm\u00e4\u00dfigung f\u00fcr Ski- und Snowboardunterricht\" \/>\n<meta property=\"og:url\" content=\"https:\/\/www.centralfilzmoos.at\/en\/buchungsanfragen\/buchungsinformationen\/\" \/>\n<meta property=\"og:site_name\" content=\"Central Filzmoos\" \/>\n<meta property=\"article:modified_time\" content=\"2022-03-29T09:41:08+00:00\" \/>\n<meta property=\"og:image\" content=\"https:\/\/www.centralfilzmoos.at\/wp-content\/uploads\/sommerurlaub-wanderurlaub-filzmoos-1.jpg\" \/>\n\t<meta property=\"og:image:width\" content=\"2000\" \/>\n\t<meta property=\"og:image:height\" content=\"1250\" \/>\n\t<meta property=\"og:image:type\" content=\"image\/jpeg\" \/>\n<meta name=\"twitter:label1\" content=\"Est. reading time\" \/>\n\t<meta name=\"twitter:data1\" content=\"2 minutes\" \/>\n<script type=\"application\/ld+json\" class=\"yoast-schema-graph\">{\"@context\":\"https:\\\/\\\/schema.org\",\"@graph\":[{\"@type\":\"WebPage\",\"@id\":\"https:\\\/\\\/www.centralfilzmoos.at\\\/en\\\/buchungsanfragen\\\/buchungsinformationen\\\/\",\"url\":\"https:\\\/\\\/www.centralfilzmoos.at\\\/en\\\/buchungsanfragen\\\/buchungsinformationen\\\/\",\"name\":\"Buchungsinformationen - Ferienwohnungen Central Filzmoos\",\"isPartOf\":{\"@id\":\"https:\\\/\\\/www.centralfilzmoos.at\\\/#website\"},\"primaryImageOfPage\":{\"@id\":\"https:\\\/\\\/www.centralfilzmoos.at\\\/en\\\/buchungsanfragen\\\/buchungsinformationen\\\/#primaryimage\"},\"image\":{\"@id\":\"https:\\\/\\\/www.centralfilzmoos.at\\\/en\\\/buchungsanfragen\\\/buchungsinformationen\\\/#primaryimage\"},\"thumbnailUrl\":\"https:\\\/\\\/www.centralfilzmoos.at\\\/wp-content\\\/uploads\\\/sommerurlaub-wanderurlaub-filzmoos-1.jpg\",\"datePublished\":\"2013-08-28T08:23:18+00:00\",\"dateModified\":\"2022-03-29T09:41:08+00:00\",\"description\":\"Buchungsinformationen und Central Filzmoos Extras: Kostenloser Skibus und Wanderbus, Gratis Eintritt in den Freizeitpark Filzmoos, Erm\u00e4\u00dfigung f\u00fcr Ski- und Snowboardunterricht\",\"breadcrumb\":{\"@id\":\"https:\\\/\\\/www.centralfilzmoos.at\\\/en\\\/buchungsanfragen\\\/buchungsinformationen\\\/#breadcrumb\"},\"inLanguage\":\"en-US\",\"potentialAction\":[{\"@type\":\"ReadAction\",\"target\":[\"https:\\\/\\\/www.centralfilzmoos.at\\\/en\\\/buchungsanfragen\\\/buchungsinformationen\\\/\"]}]},{\"@type\":\"ImageObject\",\"inLanguage\":\"en-US\",\"@id\":\"https:\\\/\\\/www.centralfilzmoos.at\\\/en\\\/buchungsanfragen\\\/buchungsinformationen\\\/#primaryimage\",\"url\":\"https:\\\/\\\/www.centralfilzmoos.at\\\/wp-content\\\/uploads\\\/sommerurlaub-wanderurlaub-filzmoos-1.jpg\",\"contentUrl\":\"https:\\\/\\\/www.centralfilzmoos.at\\\/wp-content\\\/uploads\\\/sommerurlaub-wanderurlaub-filzmoos-1.jpg\",\"width\":2000,\"height\":1250,\"caption\":\"Sommerurlaub, Wanderurlaub in Filzmoos\"},{\"@type\":\"BreadcrumbList\",\"@id\":\"https:\\\/\\\/www.centralfilzmoos.at\\\/en\\\/buchungsanfragen\\\/buchungsinformationen\\\/#breadcrumb\",\"itemListElement\":[{\"@type\":\"ListItem\",\"position\":1,\"name\":\"Home\",\"item\":\"https:\\\/\\\/www.centralfilzmoos.at\\\/en\\\/\"},{\"@type\":\"ListItem\",\"position\":2,\"name\":\"Buchung &#038; Anfrage\",\"item\":\"https:\\\/\\\/www.centralfilzmoos.at\\\/en\\\/buchungsanfragen\\\/\"},{\"@type\":\"ListItem\",\"position\":3,\"name\":\"Buchungsinformationen\"}]},{\"@type\":\"WebSite\",\"@id\":\"https:\\\/\\\/www.centralfilzmoos.at\\\/#website\",\"url\":\"https:\\\/\\\/www.centralfilzmoos.at\\\/\",\"name\":\"Central Filzmoos\",\"description\":\"Eine weitere WordPress-Seite\",\"potentialAction\":[{\"@type\":\"SearchAction\",\"target\":{\"@type\":\"EntryPoint\",\"urlTemplate\":\"https:\\\/\\\/www.centralfilzmoos.at\\\/?s={search_term_string}\"},\"query-input\":{\"@type\":\"PropertyValueSpecification\",\"valueRequired\":true,\"valueName\":\"search_term_string\"}}],\"inLanguage\":\"en-US\"}]}<\/script>\n<!-- \/ Yoast SEO plugin. -->","yoast_head_json":{"title":"Buchungsinformationen - Ferienwohnungen Central Filzmoos","description":"Buchungsinformationen und Central Filzmoos Extras: Kostenloser Skibus und Wanderbus, Gratis Eintritt in den Freizeitpark Filzmoos, Erm\u00e4\u00dfigung f\u00fcr Ski- und Snowboardunterricht","robots":{"index":"index","follow":"follow","max-snippet":"max-snippet:-1","max-image-preview":"max-image-preview:large","max-video-preview":"max-video-preview:-1"},"canonical":"https:\/\/www.centralfilzmoos.at\/en\/buchungsanfragen\/buchungsinformationen\/","og_locale":"en_US","og_type":"article","og_title":"Buchungsinformationen - Ferienwohnungen Central Filzmoos","og_description":"Buchungsinformationen und Central Filzmoos Extras: Kostenloser Skibus und Wanderbus, Gratis Eintritt in den Freizeitpark Filzmoos, Erm\u00e4\u00dfigung f\u00fcr Ski- und Snowboardunterricht","og_url":"https:\/\/www.centralfilzmoos.at\/en\/buchungsanfragen\/buchungsinformationen\/","og_site_name":"Central Filzmoos","article_modified_time":"2022-03-29T09:41:08+00:00","og_image":[{"width":2000,"height":1250,"url":"https:\/\/www.centralfilzmoos.at\/wp-content\/uploads\/sommerurlaub-wanderurlaub-filzmoos-1.jpg","type":"image\/jpeg"}],"twitter_misc":{"Est. reading time":"2 minutes"},"schema":{"@context":"https:\/\/schema.org","@graph":[{"@type":"WebPage","@id":"https:\/\/www.centralfilzmoos.at\/en\/buchungsanfragen\/buchungsinformationen\/","url":"https:\/\/www.centralfilzmoos.at\/en\/buchungsanfragen\/buchungsinformationen\/","name":"Buchungsinformationen - Ferienwohnungen Central Filzmoos","isPartOf":{"@id":"https:\/\/www.centralfilzmoos.at\/#website"},"primaryImageOfPage":{"@id":"https:\/\/www.centralfilzmoos.at\/en\/buchungsanfragen\/buchungsinformationen\/#primaryimage"},"image":{"@id":"https:\/\/www.centralfilzmoos.at\/en\/buchungsanfragen\/buchungsinformationen\/#primaryimage"},"thumbnailUrl":"https:\/\/www.centralfilzmoos.at\/wp-content\/uploads\/sommerurlaub-wanderurlaub-filzmoos-1.jpg","datePublished":"2013-08-28T08:23:18+00:00","dateModified":"2022-03-29T09:41:08+00:00","description":"Buchungsinformationen und Central Filzmoos Extras: Kostenloser Skibus und Wanderbus, Gratis Eintritt in den Freizeitpark Filzmoos, Erm\u00e4\u00dfigung f\u00fcr Ski- und Snowboardunterricht","breadcrumb":{"@id":"https:\/\/www.centralfilzmoos.at\/en\/buchungsanfragen\/buchungsinformationen\/#breadcrumb"},"inLanguage":"en-US","potentialAction":[{"@type":"ReadAction","target":["https:\/\/www.centralfilzmoos.at\/en\/buchungsanfragen\/buchungsinformationen\/"]}]},{"@type":"ImageObject","inLanguage":"en-US","@id":"https:\/\/www.centralfilzmoos.at\/en\/buchungsanfragen\/buchungsinformationen\/#primaryimage","url":"https:\/\/www.centralfilzmoos.at\/wp-content\/uploads\/sommerurlaub-wanderurlaub-filzmoos-1.jpg","contentUrl":"https:\/\/www.centralfilzmoos.at\/wp-content\/uploads\/sommerurlaub-wanderurlaub-filzmoos-1.jpg","width":2000,"height":1250,"caption":"Sommerurlaub, Wanderurlaub in Filzmoos"},{"@type":"BreadcrumbList","@id":"https:\/\/www.centralfilzmoos.at\/en\/buchungsanfragen\/buchungsinformationen\/#breadcrumb","itemListElement":[{"@type":"ListItem","position":1,"name":"Home","item":"https:\/\/www.centralfilzmoos.at\/en\/"},{"@type":"ListItem","position":2,"name":"Buchung &#038; Anfrage","item":"https:\/\/www.centralfilzmoos.at\/en\/buchungsanfragen\/"},{"@type":"ListItem","position":3,"name":"Buchungsinformationen"}]},{"@type":"WebSite","@id":"https:\/\/www.centralfilzmoos.at\/#website","url":"https:\/\/www.centralfilzmoos.at\/","name":"Central Filzmoos","description":"Eine weitere WordPress-Seite","potentialAction":[{"@type":"SearchAction","target":{"@type":"EntryPoint","urlTemplate":"https:\/\/www.centralfilzmoos.at\/?s={search_term_string}"},"query-input":{"@type":"PropertyValueSpecification","valueRequired":true,"valueName":"search_term_string"}}],"inLanguage":"en-US"}]}},"_links":{"self":[{"href":"https:\/\/www.centralfilzmoos.at\/en\/wp-json\/wp\/v2\/pages\/958","targetHints":{"allow":["GET"]}}],"collection":[{"href":"https:\/\/www.centralfilzmoos.at\/en\/wp-json\/wp\/v2\/pages"}],"about":[{"href":"https:\/\/www.centralfilzmoos.at\/en\/wp-json\/wp\/v2\/types\/page"}],"author":[{"embeddable":true,"href":"https:\/\/www.centralfilzmoos.at\/en\/wp-json\/wp\/v2\/users\/4"}],"replies":[{"embeddable":true,"href":"https:\/\/www.centralfilzmoos.at\/en\/wp-json\/wp\/v2\/comments?post=958"}],"version-history":[{"count":5,"href":"https:\/\/www.centralfilzmoos.at\/en\/wp-json\/wp\/v2\/pages\/958\/revisions"}],"predecessor-version":[{"id":3230,"href":"https:\/\/www.centralfilzmoos.at\/en\/wp-json\/wp\/v2\/pages\/958\/revisions\/3230"}],"up":[{"embeddable":true,"href":"https:\/\/www.centralfilzmoos.at\/en\/wp-json\/wp\/v2\/pages\/956"}],"wp:featuredmedia":[{"embeddable":true,"href":"https:\/\/www.centralfilzmoos.at\/en\/wp-json\/wp\/v2\/media\/135456"}],"wp:attachment":[{"href":"https:\/\/www.centralfilzmoos.at\/en\/wp-json\/wp\/v2\/media?parent=958"}],"curies":[{"name":"wp","href":"https:\/\/api.w.org\/{rel}","templated":true}]}}