{"id":959,"date":"2013-09-11T12:01:01","date_gmt":"2013-09-11T10:01:01","guid":{"rendered":"http:\/\/centralfilzmoos.at.w013ebd6.kasserver.com\/buchungsanfragen\/zimmerverfuegbarkeit\/"},"modified":"2021-10-05T14:21:34","modified_gmt":"2021-10-05T12:21:34","slug":"zimmerverfuegbarkeit","status":"publish","type":"page","link":"https:\/\/www.centralfilzmoos.at\/en\/buchungsanfragen\/zimmerverfuegbarkeit\/","title":{"rendered":"Verf\u00fcgbarkeit"},"content":{"rendered":"<div class=\"wpb-content-wrapper\"><p>[vc_row][vc_column][vc_column_text]<\/p>\n<h1>Verf\u00fcgbarkeitskalender<\/h1>\n<p>Hier finden Sie eine \u00dcbersicht \u00fcber die Verf\u00fcgbarkeit unserer Ferienwohnungen:[\/vc_column_text][vc_raw_html]JTNDZGl2JTIwaWQlM0QlMjJlYkF2YWlsYWJpbGl0eSUyMiUzRSUzQyUyRmRpdiUzRSUwQSUzQ3NjcmlwdCUyMHR5cGUlM0QlMjJ0ZXh0JTJGamF2YXNjcmlwdCUyMiUyMHNyYyUzRCUyMiUyRiUyRnd3dy5lYXN5LWJvb2tpbmcuYXQlMkZlYlBsdWdpbnMlMkZhdmFpbGFiaWxpdHklMkZqcXVlcnkuZWFzeWJvb2tpbmcuYXZhaWxhYmlsaXR5LmpzJTIyJTNFJTNDJTJGc2NyaXB0JTNFJTBBJTNDc2NyaXB0JTIwdHlwZSUzRCUyMnRleHQlMkZqYXZhc2NyaXB0JTIyJTNFJTBBZnVuY3Rpb24lMjBlYkF2YWlsYWJpbGl0eUxvYWRlZENoZWNrJTI4JTI5JTIwJTdCJTBBJTIwJTIwJTIwJTIwaWYlMjAlMjh0eXBlb2YlMjBqUXVlcnklMjAlMjElM0QlM0QlMjAlMjJ1bmRlZmluZWQlMjIlMjklMjAlN0IlMEElMjAlMjAlMjAlMjAlMjAlMjAlMjAlMjBpZiUyMCUyOGpRdWVyeS5mbi5lYkF2YWlsYWJpbGl0eUNhbGVuZGFyJTI5JTIwJTdCJTBBJTIwJTIwJTIwJTIwJTIwJTIwJTIwJTIwJTIwJTIwJTIwJTIwalF1ZXJ5JTI4JTIyJTIzZWJBdmFpbGFiaWxpdHklMjIlMjkuZWJBdmFpbGFiaWxpdHlDYWxlbmRhciUyOCU3QiUwQSUyMCUyMCUyMCUyMCUyMCUyMCUyMCUyMCUyMCUyMCUyMCUyMCUyMCUyMCUyMCUyMGN1c3RvbWVySWQlM0ElMjA0NjMyJTJDJTBBJTIwJTIwJTIwJTIwJTIwJTIwJTIwJTIwJTIwJTIwJTIwJTIwJTIwJTIwJTIwJTIwc2VyaWFsTm8lM0ElMjAlMjIxNjY2LTE4OTctNDQ4OSUyMiUyQyUwQSUyMCUyMCUyMCUyMCUyMCUyMCUyMCUyMCUyMCUyMCUyMCUyMCUyMCUyMCUyMCUyMGxvY2FsZUlkJTNBJTIwMSUyQyUwQSUyMCUyMCUyMCUyMCUyMCUyMCUyMCUyMCUyMCUyMCUyMCUyMCUyMCUyMCUyMCUyMGNhdGVnb3JpZXMlM0ElMjAlMjJhbGwlMjIlMkMlMEElMjAlMjAlMjAlMjAlMjAlMjAlMjAlMjAlMjAlMjAlMjAlMjAlMjAlMjAlMjAlMjBzdGFydERhdGUlM0ElMjAlMjJkZWZhdWx0JTIyJTJDJTBBJTIwJTIwJTIwJTIwJTIwJTIwJTIwJTIwJTIwJTIwJTIwJTIwJTIwJTIwJTIwJTIwc2hvd0Zvcm0lM0ElMjB0cnVlJTBBJTIwJTIwJTIwJTIwJTIwJTIwJTIwJTIwJTIwJTIwJTIwJTIwJTdEJTI5JTNCJTBBJTIwJTIwJTIwJTIwJTIwJTIwJTIwJTIwJTdEJTIwZWxzZSU3QnNldFRpbWVvdXQlMjhlYkF2YWlsYWJpbGl0eUxvYWRlZENoZWNrJTJDJTIwMjAwJTI5JTNCJTdEJTBBJTIwJTIwJTIwJTIwJTdEJTIwZWxzZSU3QnNldFRpbWVvdXQlMjhlYkF2YWlsYWJpbGl0eUxvYWRlZENoZWNrJTJDJTIwMjAwJTI5JTNCJTdEJTBBJTdEJTBBZWJBdmFpbGFiaWxpdHlMb2FkZWRDaGVjayUyOCUyOSUzQiUwQSUzQyUyRnNjcmlwdCUzRQ==[\/vc_raw_html][\/vc_column][\/vc_row][vc_row][vc_column width=&#8221;1\/3&#8243; el_class=&#8221;button3&#8243;][vc_column_text]<\/p>\n<p><a class=\"btn btn-block\" title=\"Anfrageformular\" href=\"https:\/\/www.centralfilzmoos.at\/buchungsanfragen\/anfrageformular\/\">Unverbindlich anfragen<\/a><\/p>\n<p>[\/vc_column_text][\/vc_column][vc_column width=&#8221;1\/3&#8243; el_class=&#8221;button3&#8243;][\/vc_column][vc_column width=&#8221;1\/3&#8243; el_class=&#8221;button3&#8243;][\/vc_column][\/vc_row]<\/p>\n<\/div>","protected":false},"excerpt":{"rendered":"<p>[vc_row][vc_column][vc_column_text] Verf\u00fcgbarkeitskalender Hier finden Sie eine \u00dcbersicht \u00fcber die Verf\u00fcgbarkeit unserer Ferienwohnungen:[\/vc_column_text][vc_raw_html]JTNDZGl2JTIwaWQlM0QlMjJlYkF2YWlsYWJpbGl0eSUyMiUzRSUzQyUyRmRpdiUzRSUwQSUzQ3NjcmlwdCUyMHR5cGUlM0QlMjJ0ZXh0JTJGamF2YXNjcmlwdCUyMiUyMHNyYyUzRCUyMiUyRiUyRnd3dy5lYXN5LWJvb2tpbmcuYXQlMkZlYlBsdWdpbnMlMkZhdmFpbGFiaWxpdHklMkZqcXVlcnkuZWFzeWJvb2tpbmcuYXZhaWxhYmlsaXR5LmpzJTIyJTNFJTNDJTJGc2NyaXB0JTNFJTBBJTNDc2NyaXB0JTIwdHlwZSUzRCUyMnRleHQlMkZqYXZhc2NyaXB0JTIyJTNFJTBBZnVuY3Rpb24lMjBlYkF2YWlsYWJpbGl0eUxvYWRlZENoZWNrJTI4JTI5JTIwJTdCJTBBJTIwJTIwJTIwJTIwaWYlMjAlMjh0eXBlb2YlMjBqUXVlcnklMjAlMjElM0QlM0QlMjAlMjJ1bmRlZmluZWQlMjIlMjklMjAlN0IlMEElMjAlMjAlMjAlMjAlMjAlMjAlMjAlMjBpZiUyMCUyOGpRdWVyeS5mbi5lYkF2YWlsYWJpbGl0eUNhbGVuZGFyJTI5JTIwJTdCJTBBJTIwJTIwJTIwJTIwJTIwJTIwJTIwJTIwJTIwJTIwJTIwJTIwalF1ZXJ5JTI4JTIyJTIzZWJBdmFpbGFiaWxpdHklMjIlMjkuZWJBdmFpbGFiaWxpdHlDYWxlbmRhciUyOCU3QiUwQSUyMCUyMCUyMCUyMCUyMCUyMCUyMCUyMCUyMCUyMCUyMCUyMCUyMCUyMCUyMCUyMGN1c3RvbWVySWQlM0ElMjA0NjMyJTJDJTBBJTIwJTIwJTIwJTIwJTIwJTIwJTIwJTIwJTIwJTIwJTIwJTIwJTIwJTIwJTIwJTIwc2VyaWFsTm8lM0ElMjAlMjIxNjY2LTE4OTctNDQ4OSUyMiUyQyUwQSUyMCUyMCUyMCUyMCUyMCUyMCUyMCUyMCUyMCUyMCUyMCUyMCUyMCUyMCUyMCUyMGxvY2FsZUlkJTNBJTIwMSUyQyUwQSUyMCUyMCUyMCUyMCUyMCUyMCUyMCUyMCUyMCUyMCUyMCUyMCUyMCUyMCUyMCUyMGNhdGVnb3JpZXMlM0ElMjAlMjJhbGwlMjIlMkMlMEElMjAlMjAlMjAlMjAlMjAlMjAlMjAlMjAlMjAlMjAlMjAlMjAlMjAlMjAlMjAlMjBzdGFydERhdGUlM0ElMjAlMjJkZWZhdWx0JTIyJTJDJTBBJTIwJTIwJTIwJTIwJTIwJTIwJTIwJTIwJTIwJTIwJTIwJTIwJTIwJTIwJTIwJTIwc2hvd0Zvcm0lM0ElMjB0cnVlJTBBJTIwJTIwJTIwJTIwJTIwJTIwJTIwJTIwJTIwJTIwJTIwJTIwJTdEJTI5JTNCJTBBJTIwJTIwJTIwJTIwJTIwJTIwJTIwJTIwJTdEJTIwZWxzZSU3QnNldFRpbWVvdXQlMjhlYkF2YWlsYWJpbGl0eUxvYWRlZENoZWNrJTJDJTIwMjAwJTI5JTNCJTdEJTBBJTIwJTIwJTIwJTIwJTdEJTIwZWxzZSU3QnNldFRpbWVvdXQlMjhlYkF2YWlsYWJpbGl0eUxvYWRlZENoZWNrJTJDJTIwMjAwJTI5JTNCJTdEJTBBJTdEJTBBZWJBdmFpbGFiaWxpdHlMb2FkZWRDaGVjayUyOCUyOSUzQiUwQSUzQyUyRnNjcmlwdCUzRQ==[\/vc_raw_html][\/vc_column][\/vc_row][vc_row][vc_column width=&#8221;1\/3&#8243; el_class=&#8221;button3&#8243;][vc_column_text] Unverbindlich anfragen [\/vc_column_text][\/vc_column][vc_column width=&#8221;1\/3&#8243; el_class=&#8221;button3&#8243;][\/vc_column][vc_column width=&#8221;1\/3&#8243; el_class=&#8221;button3&#8243;][\/vc_column][\/vc_row]<\/p>\n","protected":false},"author":4,"featured_media":0,"parent":956,"menu_order":0,"comment_status":"closed","ping_status":"closed","template":"","meta":{"_acf_changed":false,"rs_blank_template":"","rs_page_bg_color":"","slide_template_v7":"","footnotes":""},"class_list":["post-959","page","type-page","status-publish","hentry"],"acf":[],"yoast_head":"<!-- This site is optimized with the Yoast SEO plugin v27.3 - https:\/\/yoast.com\/product\/yoast-seo-wordpress\/ -->\n<title>Verf\u00fcgbarkeit Ferienwohnung - Central Filzmoos<\/title>\n<meta name=\"description\" content=\"Hier finden Sie eine \u00dcbersicht \u00fcber die Verf\u00fcgbarkeit unserer Ferienwohnungen in Filzmoos.\" \/>\n<meta name=\"robots\" content=\"index, follow, max-snippet:-1, max-image-preview:large, max-video-preview:-1\" \/>\n<link rel=\"canonical\" href=\"https:\/\/www.centralfilzmoos.at\/en\/buchungsanfragen\/zimmerverfuegbarkeit\/\" \/>\n<meta property=\"og:locale\" content=\"en_US\" \/>\n<meta property=\"og:type\" content=\"article\" \/>\n<meta property=\"og:title\" content=\"Verf\u00fcgbarkeit Ferienwohnung - Central Filzmoos\" \/>\n<meta property=\"og:description\" content=\"Hier finden Sie eine \u00dcbersicht \u00fcber die Verf\u00fcgbarkeit unserer Ferienwohnungen in Filzmoos.\" \/>\n<meta property=\"og:url\" content=\"https:\/\/www.centralfilzmoos.at\/en\/buchungsanfragen\/zimmerverfuegbarkeit\/\" \/>\n<meta property=\"og:site_name\" content=\"Central Filzmoos\" \/>\n<meta property=\"article:modified_time\" content=\"2021-10-05T12:21:34+00:00\" \/>\n<meta name=\"twitter:label1\" content=\"Est. reading time\" \/>\n\t<meta name=\"twitter:data1\" content=\"1 minute\" \/>\n<script type=\"application\/ld+json\" class=\"yoast-schema-graph\">{\"@context\":\"https:\\\/\\\/schema.org\",\"@graph\":[{\"@type\":\"WebPage\",\"@id\":\"https:\\\/\\\/www.centralfilzmoos.at\\\/en\\\/buchungsanfragen\\\/zimmerverfuegbarkeit\\\/\",\"url\":\"https:\\\/\\\/www.centralfilzmoos.at\\\/en\\\/buchungsanfragen\\\/zimmerverfuegbarkeit\\\/\",\"name\":\"Verf\u00fcgbarkeit Ferienwohnung - Central Filzmoos\",\"isPartOf\":{\"@id\":\"https:\\\/\\\/www.centralfilzmoos.at\\\/#website\"},\"datePublished\":\"2013-09-11T10:01:01+00:00\",\"dateModified\":\"2021-10-05T12:21:34+00:00\",\"description\":\"Hier finden Sie eine \u00dcbersicht \u00fcber die Verf\u00fcgbarkeit unserer Ferienwohnungen in Filzmoos.\",\"breadcrumb\":{\"@id\":\"https:\\\/\\\/www.centralfilzmoos.at\\\/en\\\/buchungsanfragen\\\/zimmerverfuegbarkeit\\\/#breadcrumb\"},\"inLanguage\":\"en-US\",\"potentialAction\":[{\"@type\":\"ReadAction\",\"target\":[\"https:\\\/\\\/www.centralfilzmoos.at\\\/en\\\/buchungsanfragen\\\/zimmerverfuegbarkeit\\\/\"]}]},{\"@type\":\"BreadcrumbList\",\"@id\":\"https:\\\/\\\/www.centralfilzmoos.at\\\/en\\\/buchungsanfragen\\\/zimmerverfuegbarkeit\\\/#breadcrumb\",\"itemListElement\":[{\"@type\":\"ListItem\",\"position\":1,\"name\":\"Home\",\"item\":\"https:\\\/\\\/www.centralfilzmoos.at\\\/en\\\/\"},{\"@type\":\"ListItem\",\"position\":2,\"name\":\"Buchung &#038; Anfrage\",\"item\":\"https:\\\/\\\/www.centralfilzmoos.at\\\/en\\\/buchungsanfragen\\\/\"},{\"@type\":\"ListItem\",\"position\":3,\"name\":\"Verf\u00fcgbarkeit\"}]},{\"@type\":\"WebSite\",\"@id\":\"https:\\\/\\\/www.centralfilzmoos.at\\\/#website\",\"url\":\"https:\\\/\\\/www.centralfilzmoos.at\\\/\",\"name\":\"Central Filzmoos\",\"description\":\"Eine weitere WordPress-Seite\",\"potentialAction\":[{\"@type\":\"SearchAction\",\"target\":{\"@type\":\"EntryPoint\",\"urlTemplate\":\"https:\\\/\\\/www.centralfilzmoos.at\\\/?s={search_term_string}\"},\"query-input\":{\"@type\":\"PropertyValueSpecification\",\"valueRequired\":true,\"valueName\":\"search_term_string\"}}],\"inLanguage\":\"en-US\"}]}<\/script>\n<!-- \/ Yoast SEO plugin. -->","yoast_head_json":{"title":"Verf\u00fcgbarkeit Ferienwohnung - Central Filzmoos","description":"Hier finden Sie eine \u00dcbersicht \u00fcber die Verf\u00fcgbarkeit unserer Ferienwohnungen in Filzmoos.","robots":{"index":"index","follow":"follow","max-snippet":"max-snippet:-1","max-image-preview":"max-image-preview:large","max-video-preview":"max-video-preview:-1"},"canonical":"https:\/\/www.centralfilzmoos.at\/en\/buchungsanfragen\/zimmerverfuegbarkeit\/","og_locale":"en_US","og_type":"article","og_title":"Verf\u00fcgbarkeit Ferienwohnung - Central Filzmoos","og_description":"Hier finden Sie eine \u00dcbersicht \u00fcber die Verf\u00fcgbarkeit unserer Ferienwohnungen in Filzmoos.","og_url":"https:\/\/www.centralfilzmoos.at\/en\/buchungsanfragen\/zimmerverfuegbarkeit\/","og_site_name":"Central Filzmoos","article_modified_time":"2021-10-05T12:21:34+00:00","twitter_misc":{"Est. reading time":"1 minute"},"schema":{"@context":"https:\/\/schema.org","@graph":[{"@type":"WebPage","@id":"https:\/\/www.centralfilzmoos.at\/en\/buchungsanfragen\/zimmerverfuegbarkeit\/","url":"https:\/\/www.centralfilzmoos.at\/en\/buchungsanfragen\/zimmerverfuegbarkeit\/","name":"Verf\u00fcgbarkeit Ferienwohnung - Central Filzmoos","isPartOf":{"@id":"https:\/\/www.centralfilzmoos.at\/#website"},"datePublished":"2013-09-11T10:01:01+00:00","dateModified":"2021-10-05T12:21:34+00:00","description":"Hier finden Sie eine \u00dcbersicht \u00fcber die Verf\u00fcgbarkeit unserer Ferienwohnungen in Filzmoos.","breadcrumb":{"@id":"https:\/\/www.centralfilzmoos.at\/en\/buchungsanfragen\/zimmerverfuegbarkeit\/#breadcrumb"},"inLanguage":"en-US","potentialAction":[{"@type":"ReadAction","target":["https:\/\/www.centralfilzmoos.at\/en\/buchungsanfragen\/zimmerverfuegbarkeit\/"]}]},{"@type":"BreadcrumbList","@id":"https:\/\/www.centralfilzmoos.at\/en\/buchungsanfragen\/zimmerverfuegbarkeit\/#breadcrumb","itemListElement":[{"@type":"ListItem","position":1,"name":"Home","item":"https:\/\/www.centralfilzmoos.at\/en\/"},{"@type":"ListItem","position":2,"name":"Buchung &#038; Anfrage","item":"https:\/\/www.centralfilzmoos.at\/en\/buchungsanfragen\/"},{"@type":"ListItem","position":3,"name":"Verf\u00fcgbarkeit"}]},{"@type":"WebSite","@id":"https:\/\/www.centralfilzmoos.at\/#website","url":"https:\/\/www.centralfilzmoos.at\/","name":"Central Filzmoos","description":"Eine weitere WordPress-Seite","potentialAction":[{"@type":"SearchAction","target":{"@type":"EntryPoint","urlTemplate":"https:\/\/www.centralfilzmoos.at\/?s={search_term_string}"},"query-input":{"@type":"PropertyValueSpecification","valueRequired":true,"valueName":"search_term_string"}}],"inLanguage":"en-US"}]}},"_links":{"self":[{"href":"https:\/\/www.centralfilzmoos.at\/en\/wp-json\/wp\/v2\/pages\/959","targetHints":{"allow":["GET"]}}],"collection":[{"href":"https:\/\/www.centralfilzmoos.at\/en\/wp-json\/wp\/v2\/pages"}],"about":[{"href":"https:\/\/www.centralfilzmoos.at\/en\/wp-json\/wp\/v2\/types\/page"}],"author":[{"embeddable":true,"href":"https:\/\/www.centralfilzmoos.at\/en\/wp-json\/wp\/v2\/users\/4"}],"replies":[{"embeddable":true,"href":"https:\/\/www.centralfilzmoos.at\/en\/wp-json\/wp\/v2\/comments?post=959"}],"version-history":[{"count":2,"href":"https:\/\/www.centralfilzmoos.at\/en\/wp-json\/wp\/v2\/pages\/959\/revisions"}],"predecessor-version":[{"id":128897,"href":"https:\/\/www.centralfilzmoos.at\/en\/wp-json\/wp\/v2\/pages\/959\/revisions\/128897"}],"up":[{"embeddable":true,"href":"https:\/\/www.centralfilzmoos.at\/en\/wp-json\/wp\/v2\/pages\/956"}],"wp:attachment":[{"href":"https:\/\/www.centralfilzmoos.at\/en\/wp-json\/wp\/v2\/media?parent=959"}],"curies":[{"name":"wp","href":"https:\/\/api.w.org\/{rel}","templated":true}]}}