{"id":962,"date":"2013-08-28T10:25:37","date_gmt":"2013-08-28T08:25:37","guid":{"rendered":"http:\/\/centralfilzmoos.at.w013ebd6.kasserver.com\/kontakt\/anreise-nach-filzmoos\/"},"modified":"2022-08-23T15:02:02","modified_gmt":"2022-08-23T13:02:02","slug":"anreise-nach-filzmoos","status":"publish","type":"page","link":"https:\/\/www.centralfilzmoos.at\/en\/kontakt\/anreise-nach-filzmoos\/","title":{"rendered":"Anreise nach Filzmoos"},"content":{"rendered":"<div class=\"wpb-content-wrapper\"><p>[vc_row][vc_column][vc_column_text]<\/p>\n<h1>Anreise zum Central Filzmoos<\/h1>\n<p>[\/vc_column_text][vc_column_text]<\/p>\n<h3>Anreise mit dem Auto<\/h3>\n<p>Lage unserer Ferienwohnungen im Central Filzmoos im Salzburger Land: GPS-Daten f\u00fcr Ihr Navi (UTM): Breitengrad: 47.4350151, L\u00e4ngengrad: 13.5219296.[\/vc_column_text][\/vc_column][\/vc_row][vc_row][vc_column][vc_column_text]<\/p>\n<div>\n<div>\n<div>\n<h5>\u00d6AMTC mit Stra\u00dfenzustandsbericht<\/h5>\n<p>Informieren Sie sich \u00fcber die <a href=\"http:\/\/www.oeamtc.at\" target=\"_blank\" rel=\"noopener\">aktuelle Verkehrslage in \u00d6sterreich<\/a>, damit Sie sicher im Central Filzmoos ankommen. Beachten Sie\u00a0bitte bei der Anreise \u00fcber die Autobahn, dass auf \u00f6sterreichischen Autobahnen Vignetten-Pflicht gilt!<\/p>\n<\/div>\n<\/div>\n<\/div>\n<p>[\/vc_column_text][\/vc_column][\/vc_row][vc_row][vc_column][vc_separator][\/vc_column][\/vc_row][vc_row][vc_column width=&#8221;1\/3&#8243;][vc_single_image image=&#8221;1439&#8243; img_size=&#8221;full&#8221;][\/vc_column][vc_column width=&#8221;2\/3&#8243;][vc_column_text]<\/p>\n<div>\n<div>\n<div>\n<div>\n<h3>Anreise mit der Bahn<\/h3>\n<\/div>\n<\/div>\n<div>\n<div>Radstadt (ca. 10 km entfernt) ist Schnellzug-Haltestation.<\/div>\n<div>Danach fahren Sie mit Bus oder Taxi weiter.<br \/>\nFahrpl\u00e4ne finden Sie unter:<\/p>\n<ul>\n<li><a href=\"http:\/\/www.oebb.at\/\" target=\"_blank\" rel=\"noopener\">www.oebb.at<\/a><\/li>\n<li><a href=\"http:\/\/www.bahn.de\/\" target=\"_blank\" rel=\"noopener\">www.bahn.de<\/a><\/li>\n<\/ul>\n<\/div>\n<\/div>\n<\/div>\n<\/div>\n<p>[\/vc_column_text][\/vc_column][\/vc_row][vc_row][vc_column][vc_separator][\/vc_column][\/vc_row][vc_row][vc_column width=&#8221;1\/3&#8243;][vc_single_image image=&#8221;1438&#8243; img_size=&#8221;full&#8221;][\/vc_column][vc_column width=&#8221;2\/3&#8243;][vc_column_text]<\/p>\n<h3>Anreise mit dem Flugzeug<\/h3>\n<p>Der Flughafen Salzburg-Airport \u201cW.A. Mozart\u201d liegt ca. 70 km entfernt.<\/p>\n<p>[\/vc_column_text][vc_row_inner el_class=&#8221;abstand_oben_m3&#8243;][vc_column_inner el_class=&#8221;abstand_oben_m&#8221; width=&#8221;1\/2&#8243;][vc_column_text css=&#8221;.vc_custom_1498137823695{margin-bottom: 0px !important;}&#8221;]<\/p>\n<ul>\n<li><a href=\"http:\/\/www.airberlin.com\/\" target=\"_blank\" rel=\"noopener\">Air Berlin<\/a><\/li>\n<li><a href=\"http:\/\/www.britishairways.com\" target=\"_blank\" rel=\"noopener\">British Airways<\/a><\/li>\n<li><a href=\"http:\/\/www.germanwings.com\" target=\"_blank\" rel=\"noopener\">German Wings<\/a><\/li>\n<\/ul>\n<p>[\/vc_column_text][\/vc_column_inner][vc_column_inner el_class=&#8221;abstand_oben_m&#8221; width=&#8221;1\/2&#8243;][vc_column_text]<\/p>\n<ul>\n<li><a href=\"http:\/\/www.airberlin.com\/\" target=\"_blank\" rel=\"noopener\">Norwegian<\/a><\/li>\n<li><a href=\"http:\/\/www.ryanair.com\" target=\"_blank\" rel=\"noopener\">Ryan Air<\/a><\/li>\n<li><a href=\"http:\/\/www.transavia.com\" target=\"_blank\" rel=\"noopener\">Transavia<\/a><\/li>\n<\/ul>\n<p>[\/vc_column_text][\/vc_column_inner][\/vc_row_inner][\/vc_column][\/vc_row][vc_row][vc_column][vc_single_image image=&#8221;1554&#8243; img_size=&#8221;full&#8221; img_link_large=&#8221;yes&#8221;][\/vc_column][\/vc_row]<\/p>\n<\/div>","protected":false},"excerpt":{"rendered":"<p>[vc_row][vc_column][vc_column_text] Anreise zum Central Filzmoos [\/vc_column_text][vc_column_text] Anreise mit dem Auto Lage unserer Ferienwohnungen im Central Filzmoos im Salzburger Land: GPS-Daten f\u00fcr Ihr Navi (UTM): Breitengrad: 47.4350151, L\u00e4ngengrad: 13.5219296.[\/vc_column_text][\/vc_column][\/vc_row][vc_row][vc_column][vc_column_text] \u00d6AMTC mit Stra\u00dfenzustandsbericht Informieren Sie sich \u00fcber die aktuelle Verkehrslage in \u00d6sterreich,<span class=\"ellipsis\">&hellip;<\/span> <a href=\"https:\/\/www.centralfilzmoos.at\/en\/kontakt\/anreise-nach-filzmoos\/\"><\/p>\n<div class=\"read-more\">Read more &#8250;<\/div>\n<p><\/a><\/p>\n","protected":false},"author":4,"featured_media":0,"parent":960,"menu_order":3,"comment_status":"closed","ping_status":"closed","template":"","meta":{"_acf_changed":false,"rs_blank_template":"","rs_page_bg_color":"","slide_template_v7":"","footnotes":""},"class_list":["post-962","page","type-page","status-publish","hentry"],"acf":[],"yoast_head":"<!-- This site is optimized with the Yoast SEO plugin v27.3 - https:\/\/yoast.com\/product\/yoast-seo-wordpress\/ -->\n<title>Anreise nach Filzmoos - Central Filzmoos<\/title>\n<meta name=\"description\" content=\"F\u00fcr eine sichere und angenehme Anreise in Ihren Urlaub bei uns im Central Filzmoos im Salzburger Land.\" \/>\n<meta name=\"robots\" content=\"index, follow, max-snippet:-1, max-image-preview:large, max-video-preview:-1\" \/>\n<link rel=\"canonical\" href=\"https:\/\/www.centralfilzmoos.at\/en\/kontakt\/anreise-nach-filzmoos\/\" \/>\n<meta property=\"og:locale\" content=\"en_US\" \/>\n<meta property=\"og:type\" content=\"article\" \/>\n<meta property=\"og:title\" content=\"Anreise nach Filzmoos - Central Filzmoos\" \/>\n<meta property=\"og:description\" content=\"F\u00fcr eine sichere und angenehme Anreise in Ihren Urlaub bei uns im Central Filzmoos im Salzburger Land.\" \/>\n<meta property=\"og:url\" content=\"https:\/\/www.centralfilzmoos.at\/en\/kontakt\/anreise-nach-filzmoos\/\" \/>\n<meta property=\"og:site_name\" content=\"Central Filzmoos\" \/>\n<meta property=\"article:modified_time\" content=\"2022-08-23T13:02:02+00:00\" \/>\n<meta name=\"twitter:label1\" content=\"Est. reading time\" \/>\n\t<meta name=\"twitter:data1\" content=\"1 minute\" \/>\n<script type=\"application\/ld+json\" class=\"yoast-schema-graph\">{\"@context\":\"https:\\\/\\\/schema.org\",\"@graph\":[{\"@type\":\"WebPage\",\"@id\":\"https:\\\/\\\/www.centralfilzmoos.at\\\/en\\\/kontakt\\\/anreise-nach-filzmoos\\\/\",\"url\":\"https:\\\/\\\/www.centralfilzmoos.at\\\/en\\\/kontakt\\\/anreise-nach-filzmoos\\\/\",\"name\":\"Anreise nach Filzmoos - Central Filzmoos\",\"isPartOf\":{\"@id\":\"https:\\\/\\\/www.centralfilzmoos.at\\\/#website\"},\"datePublished\":\"2013-08-28T08:25:37+00:00\",\"dateModified\":\"2022-08-23T13:02:02+00:00\",\"description\":\"F\u00fcr eine sichere und angenehme Anreise in Ihren Urlaub bei uns im Central Filzmoos im Salzburger Land.\",\"breadcrumb\":{\"@id\":\"https:\\\/\\\/www.centralfilzmoos.at\\\/en\\\/kontakt\\\/anreise-nach-filzmoos\\\/#breadcrumb\"},\"inLanguage\":\"en-US\",\"potentialAction\":[{\"@type\":\"ReadAction\",\"target\":[\"https:\\\/\\\/www.centralfilzmoos.at\\\/en\\\/kontakt\\\/anreise-nach-filzmoos\\\/\"]}]},{\"@type\":\"BreadcrumbList\",\"@id\":\"https:\\\/\\\/www.centralfilzmoos.at\\\/en\\\/kontakt\\\/anreise-nach-filzmoos\\\/#breadcrumb\",\"itemListElement\":[{\"@type\":\"ListItem\",\"position\":1,\"name\":\"Home\",\"item\":\"https:\\\/\\\/www.centralfilzmoos.at\\\/en\\\/\"},{\"@type\":\"ListItem\",\"position\":2,\"name\":\"Contact\",\"item\":\"https:\\\/\\\/www.centralfilzmoos.at\\\/en\\\/kontakt\\\/\"},{\"@type\":\"ListItem\",\"position\":3,\"name\":\"Anreise nach Filzmoos\"}]},{\"@type\":\"WebSite\",\"@id\":\"https:\\\/\\\/www.centralfilzmoos.at\\\/#website\",\"url\":\"https:\\\/\\\/www.centralfilzmoos.at\\\/\",\"name\":\"Central Filzmoos\",\"description\":\"Eine weitere WordPress-Seite\",\"potentialAction\":[{\"@type\":\"SearchAction\",\"target\":{\"@type\":\"EntryPoint\",\"urlTemplate\":\"https:\\\/\\\/www.centralfilzmoos.at\\\/?s={search_term_string}\"},\"query-input\":{\"@type\":\"PropertyValueSpecification\",\"valueRequired\":true,\"valueName\":\"search_term_string\"}}],\"inLanguage\":\"en-US\"}]}<\/script>\n<!-- \/ Yoast SEO plugin. -->","yoast_head_json":{"title":"Anreise nach Filzmoos - Central Filzmoos","description":"F\u00fcr eine sichere und angenehme Anreise in Ihren Urlaub bei uns im Central Filzmoos im Salzburger Land.","robots":{"index":"index","follow":"follow","max-snippet":"max-snippet:-1","max-image-preview":"max-image-preview:large","max-video-preview":"max-video-preview:-1"},"canonical":"https:\/\/www.centralfilzmoos.at\/en\/kontakt\/anreise-nach-filzmoos\/","og_locale":"en_US","og_type":"article","og_title":"Anreise nach Filzmoos - Central Filzmoos","og_description":"F\u00fcr eine sichere und angenehme Anreise in Ihren Urlaub bei uns im Central Filzmoos im Salzburger Land.","og_url":"https:\/\/www.centralfilzmoos.at\/en\/kontakt\/anreise-nach-filzmoos\/","og_site_name":"Central Filzmoos","article_modified_time":"2022-08-23T13:02:02+00:00","twitter_misc":{"Est. reading time":"1 minute"},"schema":{"@context":"https:\/\/schema.org","@graph":[{"@type":"WebPage","@id":"https:\/\/www.centralfilzmoos.at\/en\/kontakt\/anreise-nach-filzmoos\/","url":"https:\/\/www.centralfilzmoos.at\/en\/kontakt\/anreise-nach-filzmoos\/","name":"Anreise nach Filzmoos - Central Filzmoos","isPartOf":{"@id":"https:\/\/www.centralfilzmoos.at\/#website"},"datePublished":"2013-08-28T08:25:37+00:00","dateModified":"2022-08-23T13:02:02+00:00","description":"F\u00fcr eine sichere und angenehme Anreise in Ihren Urlaub bei uns im Central Filzmoos im Salzburger Land.","breadcrumb":{"@id":"https:\/\/www.centralfilzmoos.at\/en\/kontakt\/anreise-nach-filzmoos\/#breadcrumb"},"inLanguage":"en-US","potentialAction":[{"@type":"ReadAction","target":["https:\/\/www.centralfilzmoos.at\/en\/kontakt\/anreise-nach-filzmoos\/"]}]},{"@type":"BreadcrumbList","@id":"https:\/\/www.centralfilzmoos.at\/en\/kontakt\/anreise-nach-filzmoos\/#breadcrumb","itemListElement":[{"@type":"ListItem","position":1,"name":"Home","item":"https:\/\/www.centralfilzmoos.at\/en\/"},{"@type":"ListItem","position":2,"name":"Contact","item":"https:\/\/www.centralfilzmoos.at\/en\/kontakt\/"},{"@type":"ListItem","position":3,"name":"Anreise nach Filzmoos"}]},{"@type":"WebSite","@id":"https:\/\/www.centralfilzmoos.at\/#website","url":"https:\/\/www.centralfilzmoos.at\/","name":"Central Filzmoos","description":"Eine weitere WordPress-Seite","potentialAction":[{"@type":"SearchAction","target":{"@type":"EntryPoint","urlTemplate":"https:\/\/www.centralfilzmoos.at\/?s={search_term_string}"},"query-input":{"@type":"PropertyValueSpecification","valueRequired":true,"valueName":"search_term_string"}}],"inLanguage":"en-US"}]}},"_links":{"self":[{"href":"https:\/\/www.centralfilzmoos.at\/en\/wp-json\/wp\/v2\/pages\/962","targetHints":{"allow":["GET"]}}],"collection":[{"href":"https:\/\/www.centralfilzmoos.at\/en\/wp-json\/wp\/v2\/pages"}],"about":[{"href":"https:\/\/www.centralfilzmoos.at\/en\/wp-json\/wp\/v2\/types\/page"}],"author":[{"embeddable":true,"href":"https:\/\/www.centralfilzmoos.at\/en\/wp-json\/wp\/v2\/users\/4"}],"replies":[{"embeddable":true,"href":"https:\/\/www.centralfilzmoos.at\/en\/wp-json\/wp\/v2\/comments?post=962"}],"version-history":[{"count":3,"href":"https:\/\/www.centralfilzmoos.at\/en\/wp-json\/wp\/v2\/pages\/962\/revisions"}],"predecessor-version":[{"id":135680,"href":"https:\/\/www.centralfilzmoos.at\/en\/wp-json\/wp\/v2\/pages\/962\/revisions\/135680"}],"up":[{"embeddable":true,"href":"https:\/\/www.centralfilzmoos.at\/en\/wp-json\/wp\/v2\/pages\/960"}],"wp:attachment":[{"href":"https:\/\/www.centralfilzmoos.at\/en\/wp-json\/wp\/v2\/media?parent=962"}],"curies":[{"name":"wp","href":"https:\/\/api.w.org\/{rel}","templated":true}]}}